{"id":1807,"date":"2024-10-14T21:02:29","date_gmt":"2024-10-14T19:02:29","guid":{"rendered":"https:\/\/phawa.pl\/?post_type=product&#038;p=1807"},"modified":"2024-10-14T21:02:30","modified_gmt":"2024-10-14T19:02:30","slug":"sin-lux-plyn-do-mycia-powierzchni-kuchennych-zapas-600-ml","status":"publish","type":"product","link":"https:\/\/phawa.pl\/pl\/product\/sin-lux-plyn-do-mycia-powierzchni-kuchennych-zapas-600-ml\/","title":{"rendered":"SIN LUX P\u0142yn do mycia powierzchni kuchennych Zapas 600 ml"},"content":{"rendered":"<h2>P\u0142yn do Mycia Powierzchni Kuchennych SIN LUX Ara Zapas 600 ml<\/h2>\n<p>W trosce o nieskaziteln\u0105 czysto\u015b\u0107 i estetyk\u0119 domowej kuchni, <strong>P\u0142yn do Mycia Powierzchni Kuchennych SIN LUX Ara<\/strong> oferuje niezr\u00f3wnan\u0105 <strong>skuteczno\u015b\u0107<\/strong> w walce z uporczywymi zabrudzeniami. Jego innowacyjna formu\u0142a umo\u017cliwia szybkie i efektywne rozpuszczanie t\u0142uszczu oraz innych zanieczyszcze\u0144 bez konieczno\u015bci u\u017cycia wody.<\/p>\n<p>Dzi\u0119ki lekko podwy\u017cszonemu pH, p\u0142yn delikatnie degraduje cz\u0105steczki t\u0142uszczu i bia\u0142ek, co czyni go doskona\u0142ym rozwi\u0105zaniem dla czyszczenia takich powierzchni jak okapy, pokrywy kuchenek, kredensy, blaty i zlewy.<\/p>\n<ul>\n<li>Niezwyk\u0142a <strong>zdolno\u015b\u0107<\/strong> do usuwania zaschni\u0119tego t\u0142uszczu i lekko przypalonych resztek jedzenia<\/li>\n<li>Nie wymaga <strong>polerowania<\/strong> &#8211; pozostawia naturalny po\u0142ysk bez smug<\/li>\n<li><strong>Uniwersalno\u015b\u0107<\/strong> \u2013 idealny do r\u00f3\u017cnych powierzchni kuchennych<\/li>\n<li>Zastosowanie koncentratu pozwala na <strong>wyd\u0142u\u017cony czas dzia\u0142ania<\/strong><\/li>\n<\/ul>\n<p>Nowoczesny p\u0142yn Sin Lux \u0142\u0105czy w sobie si\u0142\u0119 dzia\u0142ania i \u0142agodno\u015b\u0107 dla czyszczonych powierzchni. Idealny wyb\u00f3r dla os\u00f3b ceni\u0105cych sobie nieskaziteln\u0105 czysto\u015b\u0107 i estetyk\u0119 w kuchni.<\/p>\n","protected":false},"excerpt":{"rendered":"<p>Bezpieczny i skuteczny p\u0142yn do czyszczenia kuchni SIN LUX Ara, eliminuje t\u0142uste plamy i brud bez smug, pozostawiaj\u0105c blaty i sprz\u0119ty l\u015bni\u0105ce.<\/p>\n","protected":false},"featured_media":0,"template":"","meta":{"_seopress_robots_primary_cat":"","_seopress_titles_title":"","_seopress_titles_desc":"","_seopress_robots_index":""},"product_brand":[98],"product_cat":[112],"product_tag":[],"class_list":{"0":"post-1807","1":"product","2":"type-product","3":"status-publish","5":"product_brand-ara","6":"product_cat-srodki-do-czyszczenia-kuchni","8":"first","9":"instock","10":"shipping-taxable","11":"product-type-simple"},"_links":{"self":[{"href":"https:\/\/phawa.pl\/pl\/wp-json\/wp\/v2\/product\/1807","targetHints":{"allow":["GET"]}}],"collection":[{"href":"https:\/\/phawa.pl\/pl\/wp-json\/wp\/v2\/product"}],"about":[{"href":"https:\/\/phawa.pl\/pl\/wp-json\/wp\/v2\/types\/product"}],"wp:attachment":[{"href":"https:\/\/phawa.pl\/pl\/wp-json\/wp\/v2\/media?parent=1807"}],"wp:term":[{"taxonomy":"product_brand","embeddable":true,"href":"https:\/\/phawa.pl\/pl\/wp-json\/wp\/v2\/product_brand?post=1807"},{"taxonomy":"product_cat","embeddable":true,"href":"https:\/\/phawa.pl\/pl\/wp-json\/wp\/v2\/product_cat?post=1807"},{"taxonomy":"product_tag","embeddable":true,"href":"https:\/\/phawa.pl\/pl\/wp-json\/wp\/v2\/product_tag?post=1807"}],"curies":[{"name":"wp","href":"https:\/\/api.w.org\/{rel}","templated":true}]}}