{"id":1806,"date":"2024-10-14T21:02:29","date_gmt":"2024-10-14T19:02:29","guid":{"rendered":"https:\/\/phawa.pl\/?post_type=product&#038;p=1806"},"modified":"2024-10-14T21:02:30","modified_gmt":"2024-10-14T19:02:30","slug":"sin-lux-plyn-do-mycia-powierzchni-kuchennych-600-ml","status":"publish","type":"product","link":"https:\/\/phawa.pl\/pl\/product\/sin-lux-plyn-do-mycia-powierzchni-kuchennych-600-ml\/","title":{"rendered":"SIN LUX P\u0142yn do mycia powierzchni kuchennych 600 ml"},"content":{"rendered":"<h2>P\u0142yn do mycia powierzchni kuchennych SIN LUX 600 ml, ARA<\/h2>\n<p>SIN LUX P\u0142yn do mycia powierzchni kuchennych to niezast\u0105piony produkt w codziennej piel\u0119gnacji kuchni. <b>Skoncentrowana formu\u0142a<\/b> zapewnia niezwyk\u0142\u0105 skuteczno\u015b\u0107 w rozpuszczaniu t\u0142uszczu i usuwaniu osad\u00f3w brudu bez konieczno\u015bci sp\u0142ukiwania wod\u0105. To idealne rozwi\u0105zanie dla os\u00f3b ceni\u0105cych sobie wygod\u0119 i efektywno\u015b\u0107 dzia\u0142ania.<\/p>\n<p>Dzi\u0119ki lekko podwy\u017cszonemu pH, p\u0142yn degraduje cz\u0105steczki t\u0142uszczu i bia\u0142ek, u\u0142atwiaj\u0105c czyszczenie powierzchni takich jak okapy, blaty, zlewy czy glazura. Produkt <b>nie zostawia smug<\/b> i nie wymaga polerowania dla uzyskania naturalnego po\u0142ysku.<\/p>\n<ul><\/p>\n<li>\u0141atwe usuwanie zaschni\u0119tego t\u0142uszczu i przypalonych resztek jedzenia.<\/li>\n<p><\/p>\n<li>Doskona\u0142y do stali nierdzewnej, powierzchni chromowanych i b\u0142yszcz\u0105cych.<\/li>\n<p><\/p>\n<li>Bezpieczny w u\u017cyciu, nie uszkadza czyszczonych powierzchni.<\/li>\n<p><\/ul>\n<p>SIN LUX to synonim <b>perfekcyjnej czysto\u015bci i blasku<\/b> w Twojej kuchni, czyni\u0105cy z ka\u017cdego sprz\u0105tania czyst\u0105 przyjemno\u015b\u0107. Dzi\u0119ki aktywnej pianie skutecznie eliminuje zabrudzenia, pozostawiaj\u0105c powierzchnie nieskazitelnie czyste.<\/p>\n","protected":false},"excerpt":{"rendered":"<p>Skuteczny p\u0142yn do mycia kuchni, rozpuszcza t\u0142uszcz bez sp\u0142ukiwania, nie zostawia smug, idealny do codziennej piel\u0119gnacji.<\/p>\n","protected":false},"featured_media":0,"template":"","meta":{"_seopress_robots_primary_cat":"","_seopress_titles_title":"","_seopress_titles_desc":"","_seopress_robots_index":""},"product_brand":[98],"product_cat":[112],"product_tag":[],"class_list":{"0":"post-1806","1":"product","2":"type-product","3":"status-publish","5":"product_brand-ara","6":"product_cat-srodki-do-czyszczenia-kuchni","8":"first","9":"instock","10":"shipping-taxable","11":"product-type-simple"},"_links":{"self":[{"href":"https:\/\/phawa.pl\/pl\/wp-json\/wp\/v2\/product\/1806","targetHints":{"allow":["GET"]}}],"collection":[{"href":"https:\/\/phawa.pl\/pl\/wp-json\/wp\/v2\/product"}],"about":[{"href":"https:\/\/phawa.pl\/pl\/wp-json\/wp\/v2\/types\/product"}],"wp:attachment":[{"href":"https:\/\/phawa.pl\/pl\/wp-json\/wp\/v2\/media?parent=1806"}],"wp:term":[{"taxonomy":"product_brand","embeddable":true,"href":"https:\/\/phawa.pl\/pl\/wp-json\/wp\/v2\/product_brand?post=1806"},{"taxonomy":"product_cat","embeddable":true,"href":"https:\/\/phawa.pl\/pl\/wp-json\/wp\/v2\/product_cat?post=1806"},{"taxonomy":"product_tag","embeddable":true,"href":"https:\/\/phawa.pl\/pl\/wp-json\/wp\/v2\/product_tag?post=1806"}],"curies":[{"name":"wp","href":"https:\/\/api.w.org\/{rel}","templated":true}]}}