{"id":1791,"date":"2024-10-14T21:02:25","date_gmt":"2024-10-14T19:02:25","guid":{"rendered":"https:\/\/phawa.pl\/?post_type=product&#038;p=1791"},"modified":"2024-10-14T21:02:27","modified_gmt":"2024-10-14T19:02:27","slug":"ara-soda-kaustyczna-500g-do-udrazniania-rur","status":"publish","type":"product","link":"https:\/\/phawa.pl\/pl\/product\/ara-soda-kaustyczna-500g-do-udrazniania-rur\/","title":{"rendered":"ARA Soda kaustyczna 500g do udra\u017cniania rur"},"content":{"rendered":"<h2>Soda Kaustyczna ARA 500g &#8211; \u015arodek do udra\u017cniania rur<\/h2>\n<p>Odkryj si\u0142\u0119, jak\u0105 niesie ze sob\u0105 <b>Soda Kaustyczna ARA<\/b> &#8211; innowacyjny preparat do udra\u017cniania rur. Stworzony, aby z \u0142atwo\u015bci\u0105 rozwi\u0105za\u0107 problemy z zatorami, oferuje skuteczne i wygodne rozwi\u0105zanie. Zawarte w granulacie sk\u0142adniki sprawiaj\u0105, \u017ce produkt natychmiast wchodzi w reakcje z odpadkami kuchennymi i t\u0142uszczem, likwiduj\u0105c je i pozostawiaj\u0105c rury czyste.<\/p>\n<p><b>Soda Kaustyczna ARA<\/b> dzi\u0119ki swojej unikalnej formule szybko i efektywnie dzia\u0142a, zapobiegaj\u0105c r\u00f3wnie\u017c ponownemu odk\u0142adaniu si\u0119 niepo\u017c\u0105danych osad\u00f3w. Regularne stosowanie produktu zapobiega powstawaniu zator\u00f3w, co czyni go niezast\u0105pionym sojusznikiem w ka\u017cdej kuchni czy \u0142azience.<\/p>\n<ul>\n<li>Granulowana forma dla \u0142atwego dozowania<\/li>\n<li>Rozpuszcza papier, t\u0142uszcze oraz resztki jedzenia<\/li>\n<li>Ekstremalnie skuteczny w usuwaniu zapach\u00f3w<\/li>\n<li>Idealny do profilaktycznego stosowania<\/li>\n<\/ul>\n<p>Niezale\u017cnie od tego, czy stajesz przed problemem zapchanego zlewu, czy chcesz zadba\u0107 o dro\u017cno\u015b\u0107 rur przed czasem, <b>Soda Kaustyczna ARA<\/b> oferuje rozwi\u0105zanie, kt\u00f3re nie zawiedzie. Wybierz niezawodno\u015b\u0107 i szybkie dzia\u0142anie, kt\u00f3re przywr\u00f3ci komfort Twojego otoczenia.<\/p>\n","protected":false},"excerpt":{"rendered":"<p>Soda Kaustyczna ARA 500g zapewnia skuteczne udra\u017cnianie rur, rozpuszcza odpadki kuchenne i t\u0142uszcz, dzia\u0142a szybko i zapobiega zatorom.<\/p>\n","protected":false},"featured_media":0,"template":"","meta":{"_seopress_robots_primary_cat":"","_seopress_titles_title":"","_seopress_titles_desc":"","_seopress_robots_index":""},"product_brand":[98],"product_cat":[109],"product_tag":[],"class_list":{"0":"post-1791","1":"product","2":"type-product","3":"status-publish","5":"product_brand-ara","6":"product_cat-srodki-udrazniajace","8":"first","9":"instock","10":"shipping-taxable","11":"product-type-simple"},"_links":{"self":[{"href":"https:\/\/phawa.pl\/pl\/wp-json\/wp\/v2\/product\/1791","targetHints":{"allow":["GET"]}}],"collection":[{"href":"https:\/\/phawa.pl\/pl\/wp-json\/wp\/v2\/product"}],"about":[{"href":"https:\/\/phawa.pl\/pl\/wp-json\/wp\/v2\/types\/product"}],"wp:attachment":[{"href":"https:\/\/phawa.pl\/pl\/wp-json\/wp\/v2\/media?parent=1791"}],"wp:term":[{"taxonomy":"product_brand","embeddable":true,"href":"https:\/\/phawa.pl\/pl\/wp-json\/wp\/v2\/product_brand?post=1791"},{"taxonomy":"product_cat","embeddable":true,"href":"https:\/\/phawa.pl\/pl\/wp-json\/wp\/v2\/product_cat?post=1791"},{"taxonomy":"product_tag","embeddable":true,"href":"https:\/\/phawa.pl\/pl\/wp-json\/wp\/v2\/product_tag?post=1791"}],"curies":[{"name":"wp","href":"https:\/\/api.w.org\/{rel}","templated":true}]}}