{"id":1790,"date":"2024-10-14T21:02:25","date_gmt":"2024-10-14T19:02:25","guid":{"rendered":"https:\/\/phawa.pl\/?post_type=product&#038;p=1790"},"modified":"2024-10-14T21:02:27","modified_gmt":"2024-10-14T19:02:27","slug":"soda-kaustyczna-udrazniacz-do-rur-1kg","status":"publish","type":"product","link":"https:\/\/phawa.pl\/pl\/product\/soda-kaustyczna-udrazniacz-do-rur-1kg\/","title":{"rendered":"SODA KAUSTYCZNA Udra\u017cniacz do rur 1kg"},"content":{"rendered":"<h2>\u015arodek Udra\u017cniaj\u0105cy Rury Soda Kaustyczna ARA Granulowana<\/h2>\n<p>Soda Kaustyczna ARA to <b>granulowany preparat<\/b>, kt\u00f3ry skutecznie rozwi\u0105zuje problem zator\u00f3w w instalacjach odp\u0142ywowych. Dzi\u0119ki specjalnie opracowanej formule, rozpuszcza uporczywe odpady kuchenne, takie jak t\u0142uszcz, papier, wata oraz w\u0142osy, zapewniaj\u0105c swobodny przep\u0142yw wody.<\/p>\n<p>Jest idealnym rozwi\u0105zaniem dla os\u00f3b pragn\u0105cych zadba\u0107 o stan swoich rur i syfon\u00f3w, zar\u00f3wno w celach czyszcz\u0105cych, jak i profilaktycznych. Zastosowanie granulatu minimalizuje ryzyko akumulacji osad\u00f3w, co w znacznym stopniu przed\u0142u\u017ca \u017cywotno\u015b\u0107 rur.<\/p>\n<ul>\n<li><b>Skuteczno\u015b\u0107<\/b>: szybko eliminuje zatory w instalacjach.<\/li>\n<li><b>\u0141atwo\u015b\u0107 u\u017cycia<\/b>: wygodna forma granulatu.<\/li>\n<li><b>Profilaktyka<\/b>: zapobiega odk\u0142adaniu si\u0119 osad\u00f3w.<\/li>\n<\/ul>\n<p>Wyb\u00f3r Sody Kaustycznej ARA to gwarancja <b>wydajnego i efektywnego czyszczenia<\/b>. Sprawdzi si\u0119 w ka\u017cdej kuchni i \u0142azience, gdzie swobodny przep\u0142yw wody jest niezb\u0119dny dla komfortu \u017cycia.<\/p>\n","protected":false},"excerpt":{"rendered":"<p>Skuteczny granulowany \u015brodek do udra\u017cniania rur, usuwa odpady i zapobiega osadom, wyd\u0142u\u017caj\u0105c \u017cywotno\u015b\u0107 instalacji. Idealny do kuchni i \u0142azienki.<\/p>\n","protected":false},"featured_media":0,"template":"","meta":{"_seopress_robots_primary_cat":"","_seopress_titles_title":"","_seopress_titles_desc":"","_seopress_robots_index":""},"product_brand":[98],"product_cat":[109],"product_tag":[],"class_list":{"0":"post-1790","1":"product","2":"type-product","3":"status-publish","5":"product_brand-ara","6":"product_cat-srodki-udrazniajace","8":"first","9":"instock","10":"shipping-taxable","11":"product-type-simple"},"_links":{"self":[{"href":"https:\/\/phawa.pl\/pl\/wp-json\/wp\/v2\/product\/1790","targetHints":{"allow":["GET"]}}],"collection":[{"href":"https:\/\/phawa.pl\/pl\/wp-json\/wp\/v2\/product"}],"about":[{"href":"https:\/\/phawa.pl\/pl\/wp-json\/wp\/v2\/types\/product"}],"wp:attachment":[{"href":"https:\/\/phawa.pl\/pl\/wp-json\/wp\/v2\/media?parent=1790"}],"wp:term":[{"taxonomy":"product_brand","embeddable":true,"href":"https:\/\/phawa.pl\/pl\/wp-json\/wp\/v2\/product_brand?post=1790"},{"taxonomy":"product_cat","embeddable":true,"href":"https:\/\/phawa.pl\/pl\/wp-json\/wp\/v2\/product_cat?post=1790"},{"taxonomy":"product_tag","embeddable":true,"href":"https:\/\/phawa.pl\/pl\/wp-json\/wp\/v2\/product_tag?post=1790"}],"curies":[{"name":"wp","href":"https:\/\/api.w.org\/{rel}","templated":true}]}}