{"id":1784,"date":"2024-10-14T21:02:24","date_gmt":"2024-10-14T19:02:24","guid":{"rendered":"https:\/\/phawa.pl\/?post_type=product&#038;p=1784"},"modified":"2024-10-14T21:02:27","modified_gmt":"2024-10-14T19:02:27","slug":"sin-lux-plyn-do-mycia-szyb-z-rozpylaczem-600ml","status":"publish","type":"product","link":"https:\/\/phawa.pl\/pl\/product\/sin-lux-plyn-do-mycia-szyb-z-rozpylaczem-600ml\/","title":{"rendered":"SIN LUX P\u0142yn do mycia szyb z rozpylaczem 600ml"},"content":{"rendered":"<h2>P\u0142yn do mycia szyb SIN LUX ARA 600ml z rozpylaczem<\/h2>\n<p>Wyj\u0105tkowy p\u0142yn do mycia szyb <strong>SIN LUX<\/strong> od renomowanego producenta <strong>ARA<\/strong> to rozwi\u0105zanie dla os\u00f3b ceni\u0105cych sobie czysto\u015b\u0107 i blask. Dzi\u0119ki opracowanej nowoczesnej recepturze gwarantuje skuteczne usuwanie wszelkiego rodzaju zabrudze\u0144 powierzchni szklanych, w tym brudu, t\u0142ustych plam i osad\u00f3w nikotynowych.<\/p>\n<p>Formu\u0142a z dodatkiem alkoholu sprawia, \u017ce produkt szybko wysycha i <strong>nie pozostawia smug<\/strong>, co jest kluczowe dla utrzymania powierzchni w idealnym stanie. Wygodny rozpylacz umo\u017cliwia r\u00f3wnomierne na\u0142o\u017cenie p\u0142ynu na szyb\u0119, co dodatkowo u\u0142atwia proces czyszczenia.<\/p>\n<ul>\n<li>Kategoria: \u015arodek czysto\u015bci do mycia szyb<\/li>\n<li>Pojemno\u015b\u0107: 600ml<\/li>\n<li>Wygodny i praktyczny rozpylacz<\/li>\n<li>Nowoczesna receptura gwarantuj\u0105ca <strong>naturalny po\u0142ysk<\/strong><\/li>\n<li>Efektywne usuwanie nawet trudnych plam i smug<\/li>\n<\/ul>\n<p>Idealny wyb\u00f3r do czyszczenia okien, luster oraz glazury. Jedna aplikacja wystarczy, aby cieszy\u0107 si\u0119 pozbawion\u0105 zanieczyszcze\u0144, l\u015bni\u0105c\u0105 powierzchni\u0105, a dzi\u0119ki ekonomicznej pojemno\u015bci 600ml, produkt starczy na d\u0142ugo.<\/p>\n","protected":false},"excerpt":{"rendered":"<p>P\u0142yn do szyb SIN LUX ARA 600ml z wygodnym rozpylaczem szybko usuwa zabrudzenia, gwarantuj\u0105c powierzchniom l\u015bni\u0105cy wygl\u0105d bez smug.<\/p>\n","protected":false},"featured_media":0,"template":"","meta":{"_seopress_robots_primary_cat":"","_seopress_titles_title":"","_seopress_titles_desc":"","_seopress_robots_index":""},"product_brand":[98],"product_cat":[105],"product_tag":[],"class_list":{"0":"post-1784","1":"product","2":"type-product","3":"status-publish","5":"product_brand-ara","6":"product_cat-srodki-do-mycia-szyb","8":"first","9":"instock","10":"shipping-taxable","11":"product-type-simple"},"_links":{"self":[{"href":"https:\/\/phawa.pl\/pl\/wp-json\/wp\/v2\/product\/1784","targetHints":{"allow":["GET"]}}],"collection":[{"href":"https:\/\/phawa.pl\/pl\/wp-json\/wp\/v2\/product"}],"about":[{"href":"https:\/\/phawa.pl\/pl\/wp-json\/wp\/v2\/types\/product"}],"wp:attachment":[{"href":"https:\/\/phawa.pl\/pl\/wp-json\/wp\/v2\/media?parent=1784"}],"wp:term":[{"taxonomy":"product_brand","embeddable":true,"href":"https:\/\/phawa.pl\/pl\/wp-json\/wp\/v2\/product_brand?post=1784"},{"taxonomy":"product_cat","embeddable":true,"href":"https:\/\/phawa.pl\/pl\/wp-json\/wp\/v2\/product_cat?post=1784"},{"taxonomy":"product_tag","embeddable":true,"href":"https:\/\/phawa.pl\/pl\/wp-json\/wp\/v2\/product_tag?post=1784"}],"curies":[{"name":"wp","href":"https:\/\/api.w.org\/{rel}","templated":true}]}}