{"id":1782,"date":"2024-10-14T21:02:23","date_gmt":"2024-10-14T19:02:23","guid":{"rendered":"https:\/\/phawa.pl\/?post_type=product&#038;p=1782"},"modified":"2024-10-14T21:02:27","modified_gmt":"2024-10-14T19:02:27","slug":"sin-lux-plyn-do-mycia-dywanow-i-obic-tapicerskich-400ml","status":"publish","type":"product","link":"https:\/\/phawa.pl\/pl\/product\/sin-lux-plyn-do-mycia-dywanow-i-obic-tapicerskich-400ml\/","title":{"rendered":"SIN LUX P\u0142yn do mycia dywan\u00f3w i obi\u0107 tapicerskich 400ml"},"content":{"rendered":"<h2>SIN-LUX P\u0142yn do czyszczenia dywan\u00f3w ARA 400 ml<\/h2>\n<p>Innowacyjny p\u0142yn do czyszczenia dywan\u00f3w <b>SIN-LUX<\/b> marki <b>ARA<\/b> to doskona\u0142e rozwi\u0105zanie do piel\u0119gnacji pod\u0142\u00f3g i mebli tapicerowanych. Jego wyj\u0105tkowa formu\u0142a nie tylko skutecznie usuwa brud, ale tak\u017ce zapewnia <b>d\u0142ugotrwa\u0142\u0105 ochron\u0119 i higien\u0119<\/b> powierzchni.<\/p>\n<p>Dzi\u0119ki <b>aktywnej pianie<\/b> i specjalnemu <b>polimerowi<\/b> brud jest wi\u0105zany i krystalizowany, co u\u0142atwia jego usuni\u0119cie po wyschni\u0119ciu. To technologicznie zaawansowane rozwi\u0105zanie pozwala na g\u0142\u0119bokie czyszczenie bez konieczno\u015bci prania wod\u0105.<\/p>\n<ul>\n<li>Eliminacja bakterii, ple\u015bni i grzyb\u00f3w<\/li>\n<li>Bezpieczny dla tkanin naturalnych i sztucznych<\/li>\n<li>D\u0142ugotrwa\u0142e w\u0142a\u015bciwo\u015bci impregnacyjne<\/li>\n<li>Kompaktowa pojemno\u015b\u0107 400 ml \u2013 idealna na ka\u017cd\u0105 potrzeb\u0119<\/li>\n<\/ul>\n<p>P\u0142yn <b>SIN-LUX<\/b> doskonale sprawdza si\u0119 na r\u00f3\u017cnorodnych powierzchniach \u2013 od dywan\u00f3w, poprzez wyk\u0142adziny pod\u0142ogowe, a\u017c po tapicerk\u0119 samochodow\u0105. Poznaj moc profesjonalnego czyszczenia, kt\u00f3re zagwarantuje <b>\u015bwie\u017co\u015b\u0107 i czysto\u015b\u0107<\/b> w ka\u017cdym zakamarku Twojego domu lub samochodu.<\/p>\n","protected":false},"excerpt":{"rendered":"<p>SIN-LUX marki ARA to p\u0142yn do czyszczenia dywan\u00f3w i tapicerek z aktywn\u0105 pian\u0105 i polimerem, eliminuj\u0105cy bakterie, ple\u015b\u0144 i grzyby oraz impregnuj\u0105cy powierzchnie.<\/p>\n","protected":false},"featured_media":0,"template":"","meta":{"_seopress_robots_primary_cat":"","_seopress_titles_title":"","_seopress_titles_desc":"","_seopress_robots_index":""},"product_brand":[98],"product_cat":[103],"product_tag":[],"class_list":{"0":"post-1782","1":"product","2":"type-product","3":"status-publish","5":"product_brand-ara","6":"product_cat-srodki-do-czyszczenia-dywanow","8":"first","9":"instock","10":"shipping-taxable","11":"product-type-simple"},"_links":{"self":[{"href":"https:\/\/phawa.pl\/pl\/wp-json\/wp\/v2\/product\/1782","targetHints":{"allow":["GET"]}}],"collection":[{"href":"https:\/\/phawa.pl\/pl\/wp-json\/wp\/v2\/product"}],"about":[{"href":"https:\/\/phawa.pl\/pl\/wp-json\/wp\/v2\/types\/product"}],"wp:attachment":[{"href":"https:\/\/phawa.pl\/pl\/wp-json\/wp\/v2\/media?parent=1782"}],"wp:term":[{"taxonomy":"product_brand","embeddable":true,"href":"https:\/\/phawa.pl\/pl\/wp-json\/wp\/v2\/product_brand?post=1782"},{"taxonomy":"product_cat","embeddable":true,"href":"https:\/\/phawa.pl\/pl\/wp-json\/wp\/v2\/product_cat?post=1782"},{"taxonomy":"product_tag","embeddable":true,"href":"https:\/\/phawa.pl\/pl\/wp-json\/wp\/v2\/product_tag?post=1782"}],"curies":[{"name":"wp","href":"https:\/\/api.w.org\/{rel}","templated":true}]}}