{"id":1780,"date":"2024-10-14T21:02:23","date_gmt":"2024-10-14T19:02:23","guid":{"rendered":"https:\/\/phawa.pl\/?post_type=product&#038;p=1780"},"modified":"2024-10-14T21:02:26","modified_gmt":"2024-10-14T19:02:26","slug":"hades-plyn-do-mycia-nagrobkow-480g","status":"publish","type":"product","link":"https:\/\/phawa.pl\/pl\/product\/hades-plyn-do-mycia-nagrobkow-480g\/","title":{"rendered":"HADES P\u0142yn do mycia nagrobk\u00f3w 480g"},"content":{"rendered":"<h2>P\u0142yn do mycia nagrobk\u00f3w ARA Hades 480g Koncentrat<\/h2>\n<p>Hades, znany z wyj\u0105tkowej jako\u015bci, oferuje <b>innowacyjny p\u0142yn do czyszczenia nagrobk\u00f3w<\/b>, kt\u00f3ry wyr\u00f3\u017cnia si\u0119 <b>skuteczno\u015bci\u0105 i delikatno\u015bci\u0105<\/b>. Ten specjalistyczny koncentrat to idealne rozwi\u0105zanie dla wszystkich, kt\u00f3rzy pragn\u0105 zadba\u0107 o wygl\u0105d i konserwacj\u0119 pomnik\u00f3w oraz nagrobk\u00f3w. Koncentruj\u0105c si\u0119 na efektywno\u015bci, produkt szybko i bezpiecznie usuwa brud i zanieczyszczenia, pozostawiaj\u0105c powierzchnie czyste i l\u015bni\u0105ce.<\/p>\n<p>P\u0142yn Hades zosta\u0142 opracowany z my\u015bl\u0105 o r\u00f3\u017cnych materia\u0142ach, takich jak kamie\u0144, granit czy marmur, dzi\u0119ki czemu nie niszczy i nie pozostawia zarysowa\u0144 na powierzchni.<\/p>\n<ul>\n<li>Specjalistyczny koncentrat do czyszczenia nagrobk\u00f3w<\/li>\n<li>Skuteczne usuwanie brudu i zanieczyszcze\u0144<\/li>\n<li>Delikatny dla r\u00f3\u017cnych materia\u0142\u00f3w jak kamie\u0144, granit, marmur<\/li>\n<li>Wszechstronno\u015b\u0107 w zastosowaniu<\/li>\n<li>\u0141atwo\u015b\u0107 u\u017cycia \u2013 wystarczy niewielka ilo\u015b\u0107, aby uzyska\u0107 doskona\u0142e efekty<\/li>\n<\/ul>\n<p>Zastosowanie tego p\u0142ynu zapewnia d\u0142ugotrwa\u0142y efekt czysto\u015bci, przywracaj\u0105c nagrobkom ich pierwotny blask. Hades gwarantuje komfort u\u017cycia oraz zadowalaj\u0105cy rezultat, sprawiaj\u0105c, \u017ce piel\u0119gnacja nagrobk\u00f3w staje si\u0119 prostsza i bardziej efektywna.<\/p>\n","protected":false},"excerpt":{"rendered":"<p>HADES p\u0142yn do nagrobk\u00f3w ARA 480ml \u2013 skutecznie czy\u015bci, delikatny dla materia\u0142\u00f3w. Koncentrat, \u0142atwy w u\u017cyciu.<\/p>\n","protected":false},"featured_media":0,"template":"","meta":{"_seopress_robots_primary_cat":"","_seopress_titles_title":"","_seopress_titles_desc":"","_seopress_robots_index":""},"product_brand":[98],"product_cat":[102],"product_tag":[],"class_list":{"0":"post-1780","1":"product","2":"type-product","3":"status-publish","5":"product_brand-ara","6":"product_cat-srodki-czyszczace-do-nagrobkow","8":"first","9":"instock","10":"shipping-taxable","11":"product-type-simple"},"_links":{"self":[{"href":"https:\/\/phawa.pl\/pl\/wp-json\/wp\/v2\/product\/1780","targetHints":{"allow":["GET"]}}],"collection":[{"href":"https:\/\/phawa.pl\/pl\/wp-json\/wp\/v2\/product"}],"about":[{"href":"https:\/\/phawa.pl\/pl\/wp-json\/wp\/v2\/types\/product"}],"wp:attachment":[{"href":"https:\/\/phawa.pl\/pl\/wp-json\/wp\/v2\/media?parent=1780"}],"wp:term":[{"taxonomy":"product_brand","embeddable":true,"href":"https:\/\/phawa.pl\/pl\/wp-json\/wp\/v2\/product_brand?post=1780"},{"taxonomy":"product_cat","embeddable":true,"href":"https:\/\/phawa.pl\/pl\/wp-json\/wp\/v2\/product_cat?post=1780"},{"taxonomy":"product_tag","embeddable":true,"href":"https:\/\/phawa.pl\/pl\/wp-json\/wp\/v2\/product_tag?post=1780"}],"curies":[{"name":"wp","href":"https:\/\/api.w.org\/{rel}","templated":true}]}}