{"id":1779,"date":"2024-10-14T21:02:23","date_gmt":"2024-10-14T19:02:23","guid":{"rendered":"https:\/\/phawa.pl\/?post_type=product&#038;p=1779"},"modified":"2024-10-14T21:02:26","modified_gmt":"2024-10-14T19:02:26","slug":"ara-srodek-do-odswiezania-zamszu-i-nubuku-czarny-75ml","status":"publish","type":"product","link":"https:\/\/phawa.pl\/pl\/product\/ara-srodek-do-odswiezania-zamszu-i-nubuku-czarny-75ml\/","title":{"rendered":"ARA \u015arodek do od\u015bwie\u017cania zamszu i nubuku czarny 75ml"},"content":{"rendered":"<h2>\u015arodek do od\u015bwie\u017cania zamszu i nubuku czarny Ara 75ml<\/h2>\n<p>\u015arodek do od\u015bwie\u017cania zamszu i nubuku <b>czarny Ara<\/b> to idealne rozwi\u0105zanie dla os\u00f3b ceni\u0105cych sobie <b>estetyk\u0119 i trwa\u0142o\u015b\u0107<\/b> swojego obuwia i galanterii. Produkt zosta\u0142 stworzony z my\u015bl\u0105 o odpowiedniej piel\u0119gnacji delikatnych materia\u0142\u00f3w.<\/p>\n<p>Dzi\u0119ki swojej formule, \u015brodek skutecznie <b>od\u015bwie\u017ca kolor<\/b> i <b>chroni przed promieniowaniem UV<\/b>. Stosowanie pozwala zachowa\u0107 nienaganny wygl\u0105d przez d\u0142u\u017cszy czas. Jest to niezast\u0105pione narz\u0119dzie w ka\u017cdym domu, zapewniaj\u0105ce profesjonaln\u0105 jako\u015b\u0107 wynik\u00f3w bez konieczno\u015bci odwiedzania specjalisty.<\/p>\n<ul>\n<li>Bezbarwna formu\u0142a gwarantuj\u0105ca uniwersalne u\u017cycie.<\/li>\n<li>\u0141atwa i szybka aplikacja.<\/li>\n<li>Ochrona materia\u0142u przed zabrudzeniami i uszkodzeniami.<\/li>\n<li>Zachowanie oryginalnego wygl\u0105du i koloru zamszu i nubuku.<\/li>\n<\/ul>\n<p><b>ARA<\/b>, jako renomowany producent, dostarcza produkt wysokiej jako\u015bci, kt\u00f3ry spe\u0142ni oczekiwania ka\u017cdego u\u017cytkownika. Doskonale nadaje si\u0119 do codziennej piel\u0119gnacji, przywracaj\u0105c blask zamszowym i nubukowym powierzchniom.<\/p>\n","protected":false},"excerpt":{"rendered":"<p>Ara &#8211; od\u015bwie\u017caj\u0105cy \u015brodek do zamszu i nubuku. Chroni kolor, zapewnia ochron\u0119 UV, \u0142atwy w u\u017cyciu.<\/p>\n","protected":false},"featured_media":0,"template":"","meta":{"_seopress_robots_primary_cat":"","_seopress_titles_title":"","_seopress_titles_desc":"","_seopress_robots_index":""},"product_brand":[98],"product_cat":[101],"product_tag":[],"class_list":{"0":"post-1779","1":"product","2":"type-product","3":"status-publish","5":"product_brand-ara","6":"product_cat-srodki-do-konserwacji-obuwia","8":"first","9":"instock","10":"shipping-taxable","11":"product-type-simple"},"_links":{"self":[{"href":"https:\/\/phawa.pl\/pl\/wp-json\/wp\/v2\/product\/1779","targetHints":{"allow":["GET"]}}],"collection":[{"href":"https:\/\/phawa.pl\/pl\/wp-json\/wp\/v2\/product"}],"about":[{"href":"https:\/\/phawa.pl\/pl\/wp-json\/wp\/v2\/types\/product"}],"wp:attachment":[{"href":"https:\/\/phawa.pl\/pl\/wp-json\/wp\/v2\/media?parent=1779"}],"wp:term":[{"taxonomy":"product_brand","embeddable":true,"href":"https:\/\/phawa.pl\/pl\/wp-json\/wp\/v2\/product_brand?post=1779"},{"taxonomy":"product_cat","embeddable":true,"href":"https:\/\/phawa.pl\/pl\/wp-json\/wp\/v2\/product_cat?post=1779"},{"taxonomy":"product_tag","embeddable":true,"href":"https:\/\/phawa.pl\/pl\/wp-json\/wp\/v2\/product_tag?post=1779"}],"curies":[{"name":"wp","href":"https:\/\/api.w.org\/{rel}","templated":true}]}}