{"id":1778,"date":"2024-10-14T21:02:23","date_gmt":"2024-10-14T19:02:23","guid":{"rendered":"https:\/\/phawa.pl\/?post_type=product&#038;p=1778"},"modified":"2024-10-14T21:02:26","modified_gmt":"2024-10-14T19:02:26","slug":"ara-srodek-do-odswiezania-zamszu-i-nubuku-brazowy-75ml","status":"publish","type":"product","link":"https:\/\/phawa.pl\/pl\/product\/ara-srodek-do-odswiezania-zamszu-i-nubuku-brazowy-75ml\/","title":{"rendered":"ARA \u015arodek do od\u015bwie\u017cania zamszu i nubuku br\u0105zowy 75ml"},"content":{"rendered":"<h2>ARA \u015arodek do piel\u0119gnacji zamszu i nubuku br\u0105zowy 75ml<\/h2>\n<p><b>ARA \u015arodek do piel\u0119gnacji zamszu i nubuku br\u0105zowy<\/b> to kluczowy produkt dla ka\u017cdego, kto dba o wygl\u0105d swojego obuwia wykonanego z delikatnych materia\u0142\u00f3w. Specjalnie stworzony, aby przywraca\u0107 i utrzyma\u0107 pe\u0142ni\u0119 koloru oraz mi\u0119kko\u015b\u0107 zamszu i nubuku.<\/p>\n<p>Dzi\u0119ki swojej unikalnej formule, ten \u015brodek nie tylko od\u015bwie\u017ca kolor, ale tak\u017ce <b>chroni przed zabrudzeniami<\/b> i uszkodzeniami, kt\u00f3re mog\u0105 wp\u0142yn\u0105\u0107 na jako\u015b\u0107 materia\u0142u. Jego \u0142atwa aplikacja sprawia, \u017ce piel\u0119gnacja jest prosta i efektywna, bez konieczno\u015bci skomplikowanych procedur.<\/p>\n<ul>\n<li><b>Wydajna formu\u0142a<\/b> \u2013 pozwala na wielokrotne zastosowanie, zapewniaj\u0105c d\u0142ugotrwa\u0142e efekty.<\/li>\n<li><b>Ochrona i od\u015bwie\u017cenie<\/b> \u2013 ochrania przed zabrudzeniami i przywraca pierwotny wygl\u0105d.<\/li>\n<li><b>\u0141atwo\u015b\u0107 u\u017cycia<\/b> \u2013 szybka aplikacja dzi\u0119ki dobrze dopasowanej konsystencji.<\/li>\n<\/ul>\n<p>ARA \u015arodek do piel\u0119gnacji zamszu i nubuku jest wynikiem dba\u0142o\u015bci o drobnostki, kt\u00f3re przes\u0105dzaj\u0105 o efektywno\u015bci. Idealny dla br\u0105zowego zamszu i nubuku, zapewnia r\u00f3wnomierne pokrycie i g\u0142\u0119boki, \u017cywy kolor, kt\u00f3ry przyci\u0105ga uwag\u0119 i dodaje elegancji ka\u017cdemu strojowi.<\/p>\n","protected":false},"excerpt":{"rendered":"<p>Od\u015bwie\u017ca i chroni zamsz i nubuk, zapewniaj\u0105c intensywny br\u0105zowy kolor oraz \u0142atw\u0105 aplikacj\u0119. Wydajna formu\u0142a dla d\u0142ugotrwa\u0142ych efekt\u00f3w.<\/p>\n","protected":false},"featured_media":0,"template":"","meta":{"_seopress_robots_primary_cat":"","_seopress_titles_title":"","_seopress_titles_desc":"","_seopress_robots_index":""},"product_brand":[98],"product_cat":[101],"product_tag":[],"class_list":{"0":"post-1778","1":"product","2":"type-product","3":"status-publish","5":"product_brand-ara","6":"product_cat-srodki-do-konserwacji-obuwia","8":"first","9":"instock","10":"shipping-taxable","11":"product-type-simple"},"_links":{"self":[{"href":"https:\/\/phawa.pl\/pl\/wp-json\/wp\/v2\/product\/1778","targetHints":{"allow":["GET"]}}],"collection":[{"href":"https:\/\/phawa.pl\/pl\/wp-json\/wp\/v2\/product"}],"about":[{"href":"https:\/\/phawa.pl\/pl\/wp-json\/wp\/v2\/types\/product"}],"wp:attachment":[{"href":"https:\/\/phawa.pl\/pl\/wp-json\/wp\/v2\/media?parent=1778"}],"wp:term":[{"taxonomy":"product_brand","embeddable":true,"href":"https:\/\/phawa.pl\/pl\/wp-json\/wp\/v2\/product_brand?post=1778"},{"taxonomy":"product_cat","embeddable":true,"href":"https:\/\/phawa.pl\/pl\/wp-json\/wp\/v2\/product_cat?post=1778"},{"taxonomy":"product_tag","embeddable":true,"href":"https:\/\/phawa.pl\/pl\/wp-json\/wp\/v2\/product_tag?post=1778"}],"curies":[{"name":"wp","href":"https:\/\/api.w.org\/{rel}","templated":true}]}}