{"id":1776,"date":"2024-10-14T21:02:23","date_gmt":"2024-10-14T19:02:23","guid":{"rendered":"https:\/\/phawa.pl\/?post_type=product&#038;p=1776"},"modified":"2024-10-14T21:02:26","modified_gmt":"2024-10-14T19:02:26","slug":"ara-samopolyskowa-pasta-do-obuwia-bezbarwna-70ml","status":"publish","type":"product","link":"https:\/\/phawa.pl\/pl\/product\/ara-samopolyskowa-pasta-do-obuwia-bezbarwna-70ml\/","title":{"rendered":"ARA Samopo\u0142yskowa pasta do obuwia bezbarwna 70ml"},"content":{"rendered":"<h2>Samopo\u0142yskowa Pasta do Obuwia Bezbarwna ARA<\/h2>\n<p>Samopo\u0142yskowa pasta do obuwia <strong>bezbarwna ARA<\/strong> to doskona\u0142y wyb\u00f3r dla ka\u017cdego, kto pragnie dba\u0107 o swoje obuwie na najwy\u017cszym poziomie. Idealna do piel\u0119gnacji wszystkich rodzaj\u00f3w sk\u00f3r g\u0142adkich, pasta nie tylko chroni powierzchni\u0119 but\u00f3w, ale tak\u017ce dodaje im eleganckiego po\u0142ysku.<\/p>\n<p>Dzi\u0119ki <strong>wygodnemu aplikatorowi z g\u0105bki<\/strong>, proces piel\u0119gnacji jest szybki i bezproblemowy. Formu\u0142a jest <strong>bezbarwna<\/strong>, co czyni j\u0105 uniwersalnym \u015brodkiem, doskonale nadaj\u0105cym si\u0119 do but\u00f3w w dowolnym kolorze. Dodatkowo pasta samopo\u0142yskowa eliminuje potrzeb\u0119 dodatkowego polerowania, oszcz\u0119dzaj\u0105c czas i wysi\u0142ek.<\/p>\n<ul>\n<li>Bezbarwna formu\u0142a odpowiednia dla wszystkich kolor\u00f3w sk\u00f3ry<\/li>\n<li>Wygodny aplikator z g\u0105bki dla \u0142atwego u\u017cycia<\/li>\n<li>Samopo\u0142yskowa formu\u0142a eliminuj\u0105ca potrzeb\u0119 polerowania<\/li>\n<li>Idealna do wszystkich rodzaj\u00f3w sk\u00f3r g\u0142adkich<\/li>\n<\/ul>\n<p>Produkt marki <strong>ARA<\/strong> \u0142\u0105czy w sobie wysok\u0105 jako\u015b\u0107 z funkcjonalno\u015bci\u0105. To niezast\u0105piony element w zestawie piel\u0119gnacyjnym ka\u017cdej osoby dbaj\u0105cej o swoje obuwie.<\/p>\n","protected":false},"excerpt":{"rendered":"<p>Samopo\u0142yskowa pasta do obuwia bezbarwna ARA z aplikatorem i uniwersaln\u0105 formu\u0142\u0105 do konserwacji oraz nab\u0142yszczania obuwia ze sk\u00f3r g\u0142adkich.<\/p>\n","protected":false},"featured_media":0,"template":"","meta":{"_seopress_robots_primary_cat":"","_seopress_titles_title":"","_seopress_titles_desc":"","_seopress_robots_index":""},"product_brand":[98],"product_cat":[101],"product_tag":[],"class_list":{"0":"post-1776","1":"product","2":"type-product","3":"status-publish","5":"product_brand-ara","6":"product_cat-srodki-do-konserwacji-obuwia","8":"first","9":"instock","10":"shipping-taxable","11":"product-type-simple"},"_links":{"self":[{"href":"https:\/\/phawa.pl\/pl\/wp-json\/wp\/v2\/product\/1776","targetHints":{"allow":["GET"]}}],"collection":[{"href":"https:\/\/phawa.pl\/pl\/wp-json\/wp\/v2\/product"}],"about":[{"href":"https:\/\/phawa.pl\/pl\/wp-json\/wp\/v2\/types\/product"}],"wp:attachment":[{"href":"https:\/\/phawa.pl\/pl\/wp-json\/wp\/v2\/media?parent=1776"}],"wp:term":[{"taxonomy":"product_brand","embeddable":true,"href":"https:\/\/phawa.pl\/pl\/wp-json\/wp\/v2\/product_brand?post=1776"},{"taxonomy":"product_cat","embeddable":true,"href":"https:\/\/phawa.pl\/pl\/wp-json\/wp\/v2\/product_cat?post=1776"},{"taxonomy":"product_tag","embeddable":true,"href":"https:\/\/phawa.pl\/pl\/wp-json\/wp\/v2\/product_tag?post=1776"}],"curies":[{"name":"wp","href":"https:\/\/api.w.org\/{rel}","templated":true}]}}