{"id":1775,"date":"2024-10-14T21:02:23","date_gmt":"2024-10-14T19:02:23","guid":{"rendered":"https:\/\/phawa.pl\/?post_type=product&#038;p=1775"},"modified":"2024-10-14T21:02:26","modified_gmt":"2024-10-14T19:02:26","slug":"ara-samopolyskowa-pasta-do-obuwia-brazowa-70ml","status":"publish","type":"product","link":"https:\/\/phawa.pl\/pl\/product\/ara-samopolyskowa-pasta-do-obuwia-brazowa-70ml\/","title":{"rendered":"ARA Samopo\u0142yskowa pasta do obuwia br\u0105zowa 70ml"},"content":{"rendered":"<h2>ARA Samopo\u0142yskowa pasta do obuwia br\u0105zowa z mazakiem 70 ml<\/h2>\n<p>ARA Samopo\u0142yskowa pasta do obuwia br\u0105zowa z mazakiem 70 ml to idealne rozwi\u0105zanie dla mi\u0142o\u015bnik\u00f3w zadbanego i b\u0142yszcz\u0105cego obuwia. Dzi\u0119ki <b>specjalnej formule samopo\u0142yskowej<\/b> aplikacja jest szybka i efektywna, nadaj\u0105c butom wyj\u0105tkowy blask bez potrzeby polerowania.<\/p>\n<p>Praktyczny <b>aplikator w formie mazaka<\/b> umo\u017cliwia precyzyjne naniesienie pasty na powierzchni\u0119 but\u00f3w, zapobiegaj\u0105c niekontrolowanemu rozlewaniu si\u0119 i marnowaniu produktu. <b>G\u0142\u0119boki br\u0105zowy kolor<\/b> pasty doskonale podkre\u015bla naturalne pi\u0119kno sk\u00f3rzanego obuwia, jednocze\u015bnie chroni\u0105c je przed dzia\u0142aniem wilgoci i zanieczyszcze\u0144.<\/p>\n<ul>\n<li>Samopo\u0142yskowa formu\u0142a &#8211; brak potrzeby polerowania<\/li>\n<li>Wprowadza g\u0142\u0119bi\u0119 koloru i intensywny po\u0142ysk<\/li>\n<li>Aplikator w formie mazaka &#8211; precyzyjna aplikacja<\/li>\n<li>Ochrona przed wilgoci\u0105 i zabrudzeniami<\/li>\n<\/ul>\n<p>Produkt marki <b>ARA<\/b> to doskona\u0142y wyb\u00f3r dla tych, kt\u00f3rzy pragn\u0105 zachowa\u0107 swoje obuwie w doskona\u0142ym stanie przez d\u0142ugi czas. Ciesz si\u0119 nieskazitelnym wygl\u0105dem but\u00f3w dzi\u0119ki tej innowacyjnej i \u0142atwej w u\u017cyciu pa\u015bcie.<\/p>\n","protected":false},"excerpt":{"rendered":"<p>ARA Samopo\u0142yskowa pasta do obuwia br\u0105zowa z mazakiem, chroni, nab\u0142yszcza i piel\u0119gnuje obuwie, szybka aplikacja dzi\u0119ki aplikatorowi.<\/p>\n","protected":false},"featured_media":0,"template":"","meta":{"_seopress_robots_primary_cat":"","_seopress_titles_title":"","_seopress_titles_desc":"","_seopress_robots_index":""},"product_brand":[98],"product_cat":[101],"product_tag":[],"class_list":{"0":"post-1775","1":"product","2":"type-product","3":"status-publish","5":"product_brand-ara","6":"product_cat-srodki-do-konserwacji-obuwia","8":"first","9":"instock","10":"shipping-taxable","11":"product-type-simple"},"_links":{"self":[{"href":"https:\/\/phawa.pl\/pl\/wp-json\/wp\/v2\/product\/1775","targetHints":{"allow":["GET"]}}],"collection":[{"href":"https:\/\/phawa.pl\/pl\/wp-json\/wp\/v2\/product"}],"about":[{"href":"https:\/\/phawa.pl\/pl\/wp-json\/wp\/v2\/types\/product"}],"wp:attachment":[{"href":"https:\/\/phawa.pl\/pl\/wp-json\/wp\/v2\/media?parent=1775"}],"wp:term":[{"taxonomy":"product_brand","embeddable":true,"href":"https:\/\/phawa.pl\/pl\/wp-json\/wp\/v2\/product_brand?post=1775"},{"taxonomy":"product_cat","embeddable":true,"href":"https:\/\/phawa.pl\/pl\/wp-json\/wp\/v2\/product_cat?post=1775"},{"taxonomy":"product_tag","embeddable":true,"href":"https:\/\/phawa.pl\/pl\/wp-json\/wp\/v2\/product_tag?post=1775"}],"curies":[{"name":"wp","href":"https:\/\/api.w.org\/{rel}","templated":true}]}}