{"id":1774,"date":"2024-10-14T21:02:22","date_gmt":"2024-10-14T19:02:22","guid":{"rendered":"https:\/\/phawa.pl\/?post_type=product&#038;p=1774"},"modified":"2024-10-14T21:02:26","modified_gmt":"2024-10-14T19:02:26","slug":"ara-samopolyskowa-pasta-do-obuwia-czarna-70ml","status":"publish","type":"product","link":"https:\/\/phawa.pl\/pl\/product\/ara-samopolyskowa-pasta-do-obuwia-czarna-70ml\/","title":{"rendered":"ARA Samopo\u0142yskowa pasta do obuwia czarna 70ml"},"content":{"rendered":"<h2>Samopo\u0142yskowa pasta do obuwia czarna z mazakiem ARA<\/h2>\n<p>Samopo\u0142yskowa pasta do obuwia <strong>czarna<\/strong> z mazakiem ARA to skuteczny \u015brodek, kt\u00f3ry nadaje Twoim butom od\u015bwie\u017cony wygl\u0105d. Zaprojektowana z my\u015bl\u0105 o estetyce i funkcjonalno\u015bci, pasta zapewnia d\u0142ugotrwa\u0142\u0105 ochron\u0119 oraz b\u0142ysk bez potrzeby polerowania.<\/p>\n<p>Praktyczny <strong>mazak<\/strong> umo\u017cliwia szybkie i \u0142atwe nak\u0142adanie pasty, precyzyjnie docieraj\u0105c nawet do trudno dost\u0119pnych miejsc. Ju\u017c po pierwszej aplikacji, buty nabieraj\u0105 nowego \u017cycia, odzyskuj\u0105c g\u0142\u0119boki, czarny kolor i elegancki po\u0142ysk.<\/p>\n<ul>\n<li>Skuteczny <strong>samopo\u0142ysk<\/strong> &#8211; bez konieczno\u015bci polerowania<\/li>\n<li>Wygodna aplikacja dzi\u0119ki zintegrowanemu <strong>mazakowi<\/strong><\/li>\n<li>D\u0142ugotrwa\u0142a ochrona i pi\u0119kno obuwia<\/li>\n<li>Uniwersalno\u015b\u0107 &#8211; idealna do wi\u0119kszo\u015bci rodzaj\u00f3w sk\u00f3rzanych but\u00f3w<\/li>\n<\/ul>\n<p>Produkt szczeg\u00f3lnie polecany dla os\u00f3b dbaj\u0105cych o detale i chc\u0105cych podkre\u015bli\u0107 blask i klas\u0119 swojego obuwia w ka\u017cdej sytuacji.<\/p>\n","protected":false},"excerpt":{"rendered":"<p>Samopo\u0142yskowa pasta do obuwia ARA z mazakiem nadaje butom \u015bwie\u017cy, czarny kolor i po\u0142ysk. Wygodny mazaki pozwala na szybkie i precyzyjne nak\u0142adanie.<\/p>\n","protected":false},"featured_media":0,"template":"","meta":{"_seopress_robots_primary_cat":"","_seopress_titles_title":"","_seopress_titles_desc":"","_seopress_robots_index":""},"product_brand":[98],"product_cat":[101],"product_tag":[],"class_list":{"0":"post-1774","1":"product","2":"type-product","3":"status-publish","5":"product_brand-ara","6":"product_cat-srodki-do-konserwacji-obuwia","8":"first","9":"instock","10":"shipping-taxable","11":"product-type-simple"},"_links":{"self":[{"href":"https:\/\/phawa.pl\/pl\/wp-json\/wp\/v2\/product\/1774","targetHints":{"allow":["GET"]}}],"collection":[{"href":"https:\/\/phawa.pl\/pl\/wp-json\/wp\/v2\/product"}],"about":[{"href":"https:\/\/phawa.pl\/pl\/wp-json\/wp\/v2\/types\/product"}],"wp:attachment":[{"href":"https:\/\/phawa.pl\/pl\/wp-json\/wp\/v2\/media?parent=1774"}],"wp:term":[{"taxonomy":"product_brand","embeddable":true,"href":"https:\/\/phawa.pl\/pl\/wp-json\/wp\/v2\/product_brand?post=1774"},{"taxonomy":"product_cat","embeddable":true,"href":"https:\/\/phawa.pl\/pl\/wp-json\/wp\/v2\/product_cat?post=1774"},{"taxonomy":"product_tag","embeddable":true,"href":"https:\/\/phawa.pl\/pl\/wp-json\/wp\/v2\/product_tag?post=1774"}],"curies":[{"name":"wp","href":"https:\/\/api.w.org\/{rel}","templated":true}]}}