{"id":1772,"date":"2024-10-14T21:02:22","date_gmt":"2024-10-14T19:02:22","guid":{"rendered":"https:\/\/phawa.pl\/?post_type=product&#038;p=1772"},"modified":"2024-10-14T21:02:26","modified_gmt":"2024-10-14T19:02:26","slug":"agata-plyn-do-mycia-i-konserwacji-paneli-500g","status":"publish","type":"product","link":"https:\/\/phawa.pl\/pl\/product\/agata-plyn-do-mycia-i-konserwacji-paneli-500g\/","title":{"rendered":"AGATA P\u0142yn do mycia i konserwacji paneli 500g"},"content":{"rendered":"<h2>P\u0142yn do mycia i konserwacji paneli AGATA &#8211; ARA<\/h2>\n<p>Odkryj wyj\u0105tkowy <strong>p\u0142yn do mycia i konserwacji paneli AGATA<\/strong> od <strong>ARA<\/strong>, kt\u00f3ry zapewnia najwy\u017csz\u0105 jako\u015b\u0107 czyszczenia i piel\u0119gnacji paneli oraz powierzchni drewnianych. Produkt ten nie tylko skutecznie usuwa zabrudzenia, ale tak\u017ce delikatnie chroni powierzchni\u0119 dzi\u0119ki specjalnej warstwie wosku. Przyjemny zapach towarzyszy z ka\u017cdym krokiem, tworz\u0105c przytuln\u0105 atmosfer\u0119 w domu.<\/p>\n<p>Wszystko dzi\u0119ki temu, \u017ce <strong>p\u0142yn AGATA<\/strong> jest niezwykle uniwersalny, sprawdzaj\u0105cy si\u0119 tak\u017ce na nielakierowanych powierzchniach jak pod\u0142ogi, boazerie czy drewniane meble.<\/p>\n<ul>\n<li><strong>Efektywne czyszczenie<\/strong> i piel\u0119gnacja<\/li>\n<li><strong>Ochronna warstwa wosku<\/strong> zapewniaj\u0105ca aksamitny po\u0142ysk<\/li>\n<li><strong>Ekologiczny sk\u0142ad<\/strong>, bez konieczno\u015bci u\u017cycia specjalnych zmywaczy<\/li>\n<li><strong>Trwa\u0142y, przyjemny zapach<\/strong>, tworz\u0105cy wyj\u0105tkow\u0105 atmosfer\u0119<\/li>\n<\/ul>\n<p>To wyj\u0105tkowe rozwi\u0105zanie nie nawarstwia si\u0119, co u\u0142atwia jego u\u017cytkowanie, pozostawiaj\u0105c powierzchnie nie tylko czyste, ale tak\u017ce wizualnie przyjemne. P\u0142yn AGATA \u0142\u0105czy w sobie <strong>ekologi\u0119<\/strong> z efektywnym dzia\u0142aniem, b\u0119d\u0105c doskona\u0142ym wyborem dla \u015bwiadomych u\u017cytkownik\u00f3w dbaj\u0105cych o \u015brodowisko i jako\u015b\u0107 wn\u0119trz swojego domu.<\/p>\n","protected":false},"excerpt":{"rendered":"<p>P\u0142yn AGATA ARA skutecznie czy\u015bci i piel\u0119gnuje powierzchnie drewniane, pozostawiaj\u0105c ochronn\u0105 warstw\u0119 wosku i trwa\u0142y, przyjemny zapach.<\/p>\n","protected":false},"featured_media":0,"template":"","meta":{"_seopress_robots_primary_cat":"","_seopress_titles_title":"","_seopress_titles_desc":"","_seopress_robots_index":""},"product_brand":[98],"product_cat":[100],"product_tag":[],"class_list":{"0":"post-1772","1":"product","2":"type-product","3":"status-publish","5":"product_brand-ara","6":"product_cat-srodki-do-konserwacji-podlog","8":"first","9":"instock","10":"shipping-taxable","11":"product-type-simple"},"_links":{"self":[{"href":"https:\/\/phawa.pl\/pl\/wp-json\/wp\/v2\/product\/1772","targetHints":{"allow":["GET"]}}],"collection":[{"href":"https:\/\/phawa.pl\/pl\/wp-json\/wp\/v2\/product"}],"about":[{"href":"https:\/\/phawa.pl\/pl\/wp-json\/wp\/v2\/types\/product"}],"wp:attachment":[{"href":"https:\/\/phawa.pl\/pl\/wp-json\/wp\/v2\/media?parent=1772"}],"wp:term":[{"taxonomy":"product_brand","embeddable":true,"href":"https:\/\/phawa.pl\/pl\/wp-json\/wp\/v2\/product_brand?post=1772"},{"taxonomy":"product_cat","embeddable":true,"href":"https:\/\/phawa.pl\/pl\/wp-json\/wp\/v2\/product_cat?post=1772"},{"taxonomy":"product_tag","embeddable":true,"href":"https:\/\/phawa.pl\/pl\/wp-json\/wp\/v2\/product_tag?post=1772"}],"curies":[{"name":"wp","href":"https:\/\/api.w.org\/{rel}","templated":true}]}}