{"id":1771,"date":"2024-10-14T21:02:22","date_gmt":"2024-10-14T19:02:22","guid":{"rendered":"https:\/\/phawa.pl\/?post_type=product&#038;p=1771"},"modified":"2024-10-14T21:02:26","modified_gmt":"2024-10-14T19:02:26","slug":"agata-emulsja-wysokopolyskowa-do-podlog-450g","status":"publish","type":"product","link":"https:\/\/phawa.pl\/pl\/product\/agata-emulsja-wysokopolyskowa-do-podlog-450g\/","title":{"rendered":"AGATA Emulsja wysokopo\u0142yskowa do pod\u0142\u00f3g 450g"},"content":{"rendered":"<h2>Emulsja wysokopo\u0142yskowa do pod\u0142\u00f3g AGATA ARA<\/h2>\n<p>Odkryj moc piel\u0119gnacji powierzchni z <strong>AGATA ARA Emulsj\u0105 wysokopo\u0142yskow\u0105 do pod\u0142\u00f3g<\/strong>. Ta wysokowydajna i ekologiczna emulsja akrylowa gwarantuje nieskazitelnie g\u0142adkie wyko\u0144czenie bez potrzeby polerowania.<\/p>\n<p>Dzi\u0119ki bogatej formule, AGATA chroni r\u00f3\u017cnorodne powierzchnie: <strong>drewniane pod\u0142ogi, parkiety, wyk\u0142adziny PCV, marmur, lastriko<\/strong> i glazur\u0119, tworz\u0105c ochronn\u0105 pow\u0142ok\u0119 odporn\u0105 na \u015bcieranie, brud i wilgo\u0107. Jej innowacyjno\u015b\u0107 tkwi w antypo\u015blizgowych w\u0142a\u015bciwo\u015bciach, kt\u00f3re podnosz\u0105 bezpiecze\u0144stwo u\u017cytkowania. <\/p>\n<ul>\n<li>Wysokowydajna formu\u0142a zapewniaj\u0105ca d\u0142ugotrwa\u0142y efekt nab\u0142yszczenia,<\/li>\n<li>Ekologiczny, wodorozcie\u0144czalny produkt bezpieczny dla \u015brodowiska,<\/li>\n<li>Brak konieczno\u015bci polerowania dla osi\u0105gni\u0119cia wysokiego po\u0142ysku,<\/li>\n<li>Mo\u017cliwo\u015b\u0107 aplikacji do trzech warstw dla maksymalnej ochrony,<\/li>\n<li>Ochrona utrzymuj\u0105ca si\u0119 a\u017c do sze\u015bciu miesi\u0119cy w warunkach domowych.<\/li>\n<\/ul>\n<p>Niezale\u017cnie od charakteru pod\u0142ogi, AGATA zaspokaja potrzeby estetyczne oraz praktyczne, \u0142\u0105cz\u0105c wyj\u0105tkow\u0105 trwa\u0142o\u015b\u0107 z \u0142atwo\u015bci\u0105 u\u017cytkowania.<\/p>\n","protected":false},"excerpt":{"rendered":"<p>Ekologiczna emulsja AGATA ARA zapewnia ochron\u0119 i wysoki po\u0142ysk pod\u0142\u00f3g r\u00f3\u017cnych materia\u0142\u00f3w przez sze\u015b\u0107 miesi\u0119cy bez potrzeby polerowania.<\/p>\n","protected":false},"featured_media":0,"template":"","meta":{"_seopress_robots_primary_cat":"","_seopress_titles_title":"","_seopress_titles_desc":"","_seopress_robots_index":""},"product_brand":[98],"product_cat":[100],"product_tag":[],"class_list":{"0":"post-1771","1":"product","2":"type-product","3":"status-publish","5":"product_brand-ara","6":"product_cat-srodki-do-konserwacji-podlog","8":"first","9":"instock","10":"shipping-taxable","11":"product-type-simple"},"_links":{"self":[{"href":"https:\/\/phawa.pl\/pl\/wp-json\/wp\/v2\/product\/1771","targetHints":{"allow":["GET"]}}],"collection":[{"href":"https:\/\/phawa.pl\/pl\/wp-json\/wp\/v2\/product"}],"about":[{"href":"https:\/\/phawa.pl\/pl\/wp-json\/wp\/v2\/types\/product"}],"wp:attachment":[{"href":"https:\/\/phawa.pl\/pl\/wp-json\/wp\/v2\/media?parent=1771"}],"wp:term":[{"taxonomy":"product_brand","embeddable":true,"href":"https:\/\/phawa.pl\/pl\/wp-json\/wp\/v2\/product_brand?post=1771"},{"taxonomy":"product_cat","embeddable":true,"href":"https:\/\/phawa.pl\/pl\/wp-json\/wp\/v2\/product_cat?post=1771"},{"taxonomy":"product_tag","embeddable":true,"href":"https:\/\/phawa.pl\/pl\/wp-json\/wp\/v2\/product_tag?post=1771"}],"curies":[{"name":"wp","href":"https:\/\/api.w.org\/{rel}","templated":true}]}}