{"id":1770,"date":"2024-10-14T21:02:22","date_gmt":"2024-10-14T19:02:22","guid":{"rendered":"https:\/\/phawa.pl\/?post_type=product&#038;p=1770"},"modified":"2024-10-14T21:02:26","modified_gmt":"2024-10-14T19:02:26","slug":"sin-past-lux-pasta-do-podlog-500g","status":"publish","type":"product","link":"https:\/\/phawa.pl\/pl\/product\/sin-past-lux-pasta-do-podlog-500g\/","title":{"rendered":"SIN PAST LUX Pasta do pod\u0142\u00f3g 500g"},"content":{"rendered":"<h2>Pasta do pod\u0142\u00f3g ARA Sin-Past-Lux<\/h2>\n<p>Pasta do pod\u0142\u00f3g <b>ARA Sin-Past-Lux<\/b> to niezawodny \u015brodek do konserwacji r\u00f3\u017cnego rodzaju powierzchni. Zosta\u0142a stworzona, aby <b>chroni\u0107<\/b> i <b>pielegnowa\u0107<\/b> lakierowane parkiety, pod\u0142ogi drewniane, wyk\u0142adziny PCV, marmur, lastriko oraz glazur\u0119. Dzi\u0119ki jej unikalnej formule, pasta skutecznie zabezpiecza przed <b>\u015bcieraniem, zabrudzeniami i wilgoci\u0105<\/b>.<\/p>\n<p><span style=\"font-weight: bold; color: green;\">Formu\u0142a samopo\u0142yskowa<\/span> sprawia, \u017ce powierzchnie wygl\u0105daj\u0105 jak nowe, nadaj\u0105c im <b>blask<\/b> i <b>od\u015bwie\u017cenie<\/b>. Szybka aplikacja pozwala na zaoszcz\u0119dzenie czasu, a efekty s\u0105 widoczne niemal natychmiast. To idealne rozwi\u0105zanie dla os\u00f3b poszukuj\u0105cych efektywnej ochrony oraz estetycznego wygl\u0105du pod\u0142\u00f3g.<\/p>\n<ul>  <\/p>\n<li>Chroni przed wilgoci\u0105 i zabrudzeniami<\/li>\n<p>  <\/p>\n<li>\u0141atwa i szybka w aplikacji<\/li>\n<p>  <\/p>\n<li>Nadaje po\u0142ysk i od\u015bwie\u017ca wygl\u0105d<\/li>\n<p><\/ul>\n<p><b>ARA Sin-Past-Lux<\/b> to produkt ceniony za swoj\u0105 <b>przyst\u0119pn\u0105 cen\u0119<\/b> i wysok\u0105 <b>jako\u015b\u0107<\/b>, co czyni go jednym z najlepszych wybor\u00f3w na rynku.<\/p>\n","protected":false},"excerpt":{"rendered":"<p>Pasta do pod\u0142\u00f3g ARA Sin-Past-Lux skutecznie chroni i nab\u0142yszcza r\u00f3\u017cne powierzchnie, zabezpiecza przed \u015bcieraniem i wilgoci\u0105.<\/p>\n","protected":false},"featured_media":0,"template":"","meta":{"_seopress_robots_primary_cat":"","_seopress_titles_title":"","_seopress_titles_desc":"","_seopress_robots_index":""},"product_brand":[98],"product_cat":[100],"product_tag":[],"class_list":{"0":"post-1770","1":"product","2":"type-product","3":"status-publish","5":"product_brand-ara","6":"product_cat-srodki-do-konserwacji-podlog","8":"first","9":"instock","10":"shipping-taxable","11":"product-type-simple"},"_links":{"self":[{"href":"https:\/\/phawa.pl\/pl\/wp-json\/wp\/v2\/product\/1770","targetHints":{"allow":["GET"]}}],"collection":[{"href":"https:\/\/phawa.pl\/pl\/wp-json\/wp\/v2\/product"}],"about":[{"href":"https:\/\/phawa.pl\/pl\/wp-json\/wp\/v2\/types\/product"}],"wp:attachment":[{"href":"https:\/\/phawa.pl\/pl\/wp-json\/wp\/v2\/media?parent=1770"}],"wp:term":[{"taxonomy":"product_brand","embeddable":true,"href":"https:\/\/phawa.pl\/pl\/wp-json\/wp\/v2\/product_brand?post=1770"},{"taxonomy":"product_cat","embeddable":true,"href":"https:\/\/phawa.pl\/pl\/wp-json\/wp\/v2\/product_cat?post=1770"},{"taxonomy":"product_tag","embeddable":true,"href":"https:\/\/phawa.pl\/pl\/wp-json\/wp\/v2\/product_tag?post=1770"}],"curies":[{"name":"wp","href":"https:\/\/api.w.org\/{rel}","templated":true}]}}