{"id":1769,"date":"2024-10-14T21:02:22","date_gmt":"2024-10-14T19:02:22","guid":{"rendered":"https:\/\/phawa.pl\/?post_type=product&#038;p=1769"},"modified":"2024-10-14T21:02:26","modified_gmt":"2024-10-14T19:02:26","slug":"ara-pasta-do-podlog-samopolyskowa-480g","status":"publish","type":"product","link":"https:\/\/phawa.pl\/pl\/product\/ara-pasta-do-podlog-samopolyskowa-480g\/","title":{"rendered":"ARA Pasta do pod\u0142\u00f3g Samopo\u0142yskowa 480g"},"content":{"rendered":"<h2>ARA Pasta do Pod\u0142\u00f3g Samopo\u0142yskowa Ekologiczna 480g<\/h2>\n<p>ARA Pasta do Pod\u0142\u00f3g Samopo\u0142yskowa to zr\u00f3wnowa\u017cony i skuteczny wyb\u00f3r w konserwacji pod\u0142\u00f3g. Jej <strong>ekologiczna receptura<\/strong> oparta na wosku montanowym zapewnia doskona\u0142\u0105 ochron\u0119 przed <strong>\u015bcieraniem<\/strong> i szkodliwymi czynnikami \u015brodowiska, nadaj\u0105c jednocze\u015bnie powierzchni <strong>wysoki po\u0142ysk<\/strong>.<\/p>\n<p>Dzi\u0119ki zaawansowanej formule produkt <strong>nie wymaga polerowania<\/strong>, co sprawia, \u017ce jego u\u017cycie jest niezwykle wygodne i oszcz\u0119dza czas. ARA Pasta posiada tak\u017ce mieni\u0105cy si\u0119 <strong>cytrynowy zapach<\/strong>, kt\u00f3ry czyni proces czyszczenia jeszcze bardziej przyjemnym i satysfakcjonuj\u0105cym.<\/p>\n<ul>\n<li><strong>Zabezpieczenie przed \u015bcieraniem<\/strong> i uszkodzeniami pod\u0142ogi<\/li>\n<li><strong>\u0141atwo\u015b\u0107 aplikacji<\/strong> bez konieczno\u015bci polerowania<\/li>\n<li><strong>Wysoki po\u0142ysk<\/strong> na drewnianych i syntetycznych powierzchniach<\/li>\n<li><strong>Przyjemny zapach<\/strong> cytryny<\/li>\n<li>Ekologiczna formu\u0142a<\/li>\n<\/ul>\n<p>ARA Pasta do Pod\u0142\u00f3g to doskona\u0142y wyb\u00f3r dla os\u00f3b, kt\u00f3re ceni\u0105 sobie zar\u00f3wno skuteczno\u015b\u0107, jak i trosk\u0119 o \u015brodowisko naturalne.<\/p>\n","protected":false},"excerpt":{"rendered":"<p>ARA Pasta do Pod\u0142\u00f3g Ekologiczna &#8211; samopo\u0142yskowa formu\u0142a na bazie wosku montanowego zapewnia wysok\u0105 ochron\u0119 i po\u0142ysk bez polerowania. Cytrynowy zapach.<\/p>\n","protected":false},"featured_media":0,"template":"","meta":{"_seopress_robots_primary_cat":"","_seopress_titles_title":"","_seopress_titles_desc":"","_seopress_robots_index":""},"product_brand":[98],"product_cat":[100],"product_tag":[],"class_list":{"0":"post-1769","1":"product","2":"type-product","3":"status-publish","5":"product_brand-ara","6":"product_cat-srodki-do-konserwacji-podlog","8":"first","9":"instock","10":"shipping-taxable","11":"product-type-simple"},"_links":{"self":[{"href":"https:\/\/phawa.pl\/pl\/wp-json\/wp\/v2\/product\/1769","targetHints":{"allow":["GET"]}}],"collection":[{"href":"https:\/\/phawa.pl\/pl\/wp-json\/wp\/v2\/product"}],"about":[{"href":"https:\/\/phawa.pl\/pl\/wp-json\/wp\/v2\/types\/product"}],"wp:attachment":[{"href":"https:\/\/phawa.pl\/pl\/wp-json\/wp\/v2\/media?parent=1769"}],"wp:term":[{"taxonomy":"product_brand","embeddable":true,"href":"https:\/\/phawa.pl\/pl\/wp-json\/wp\/v2\/product_brand?post=1769"},{"taxonomy":"product_cat","embeddable":true,"href":"https:\/\/phawa.pl\/pl\/wp-json\/wp\/v2\/product_cat?post=1769"},{"taxonomy":"product_tag","embeddable":true,"href":"https:\/\/phawa.pl\/pl\/wp-json\/wp\/v2\/product_tag?post=1769"}],"curies":[{"name":"wp","href":"https:\/\/api.w.org\/{rel}","templated":true}]}}