{"id":1768,"date":"2024-10-14T21:02:22","date_gmt":"2024-10-14T19:02:22","guid":{"rendered":"https:\/\/phawa.pl\/?post_type=product&#038;p=1768"},"modified":"2024-10-14T21:02:26","modified_gmt":"2024-10-14T19:02:26","slug":"ara-pasta-do-podlog-miodowa-440-ml","status":"publish","type":"product","link":"https:\/\/phawa.pl\/pl\/product\/ara-pasta-do-podlog-miodowa-440-ml\/","title":{"rendered":"ARA Pasta do pod\u0142\u00f3g Miodowa 440 ml"},"content":{"rendered":"<h2>Pasta do pod\u0142\u00f3g ARA Miodowa z woskiem pszczelim<\/h2>\n<p><strong>ARA Pasta do pod\u0142\u00f3g miodowa<\/strong> to wyj\u0105tkowy produkt, kt\u00f3ry pozwala cieszy\u0107 si\u0119 pi\u0119knem drewnianych powierzchni przez d\u0142ugie lata. Dzi\u0119ki <strong>zawarto\u015bci naturalnego wosku pszczelego<\/strong>, pasta nie tylko od\u017cywia ale te\u017c ochrania pod\u0142ogi, zapewniaj\u0105c im po\u0142ysk i naturalny wygl\u0105d na co dzie\u0144.<\/p>\n<p>\u015arodek ten charakteryzuje si\u0119 <strong>\u0142agodnym, przyjemnym zapachem miodu<\/strong>, kt\u00f3ry tworzy w pomieszczeniu przyjemn\u0105 atmosfer\u0119 podczas piel\u0119gnacji pod\u0142\u00f3g. Jest idealny nie tylko dla drewna, ale r\u00f3wnie\u017c do zastosowania na pod\u0142ogach z tworzyw sztucznych, daj\u0105c im nowy blask i ochron\u0119 przed zabrudzeniami.<\/p>\n<ul>\n<li>Zawiera naturalny wosk pszczeli dla trwa\u0142ej ochrony drewna<\/li>\n<li>Zapewnia wodoodporno\u015b\u0107 i wytrzyma\u0142o\u015b\u0107 na uszkodzenia<\/li>\n<li>Daje pod\u0142ogom pi\u0119kny po\u0142ysk i jedwabist\u0105 g\u0142adko\u015b\u0107<\/li>\n<li>\u0141atwo\u015b\u0107 aplikacji i szybkie efekty<\/li>\n<\/ul>\n<p>Dzi\u0119ki zaawansowanej formule, ARA Pasta miodowa nie tylko wzmacnia drewno, ale tak\u017ce zapobiega jego rozsychaniu, d\u0142ugotrwale utrzymuj\u0105c je w doskona\u0142ej kondycji. To must-have dla tych, kt\u00f3rzy dbaj\u0105 o trwa\u0142o\u015b\u0107 i estetyk\u0119 swoich pod\u0142\u00f3g.<\/p>\n","protected":false},"excerpt":{"rendered":"<p>ARA Pasta do pod\u0142\u00f3g, z woskiem pszczelim, nadaje drewnianym pod\u0142ogom blask i ochron\u0119. \u0141agodny zapach miodu, wodoodporno\u015b\u0107 i \u0142atwa aplikacja.<\/p>\n","protected":false},"featured_media":0,"template":"","meta":{"_seopress_robots_primary_cat":"","_seopress_titles_title":"","_seopress_titles_desc":"","_seopress_robots_index":""},"product_brand":[98],"product_cat":[99],"product_tag":[],"class_list":{"0":"post-1768","1":"product","2":"type-product","3":"status-publish","5":"product_brand-ara","6":"product_cat-srodki-do-konserwacji-drewna","8":"first","9":"instock","10":"shipping-taxable","11":"product-type-simple"},"_links":{"self":[{"href":"https:\/\/phawa.pl\/pl\/wp-json\/wp\/v2\/product\/1768","targetHints":{"allow":["GET"]}}],"collection":[{"href":"https:\/\/phawa.pl\/pl\/wp-json\/wp\/v2\/product"}],"about":[{"href":"https:\/\/phawa.pl\/pl\/wp-json\/wp\/v2\/types\/product"}],"wp:attachment":[{"href":"https:\/\/phawa.pl\/pl\/wp-json\/wp\/v2\/media?parent=1768"}],"wp:term":[{"taxonomy":"product_brand","embeddable":true,"href":"https:\/\/phawa.pl\/pl\/wp-json\/wp\/v2\/product_brand?post=1768"},{"taxonomy":"product_cat","embeddable":true,"href":"https:\/\/phawa.pl\/pl\/wp-json\/wp\/v2\/product_cat?post=1768"},{"taxonomy":"product_tag","embeddable":true,"href":"https:\/\/phawa.pl\/pl\/wp-json\/wp\/v2\/product_tag?post=1768"}],"curies":[{"name":"wp","href":"https:\/\/api.w.org\/{rel}","templated":true}]}}