{"id":1767,"date":"2024-10-14T21:02:21","date_gmt":"2024-10-14T19:02:21","guid":{"rendered":"https:\/\/phawa.pl\/?post_type=product&#038;p=1767"},"modified":"2024-10-14T21:02:25","modified_gmt":"2024-10-14T19:02:25","slug":"ara-pasta-do-podlog-popularna-440-ml","status":"publish","type":"product","link":"https:\/\/phawa.pl\/pl\/product\/ara-pasta-do-podlog-popularna-440-ml\/","title":{"rendered":"ARA Pasta do pod\u0142\u00f3g Popularna 440 ml"},"content":{"rendered":"<h2>ARA Pasta do Pod\u0142\u00f3g Popularna \u2013 Konserwacja Drewna<\/h2>\n<p><strong>ARA Pasta do Pod\u0142\u00f3g Popularna<\/strong> to doskona\u0142e rozwi\u0105zanie dla ka\u017cdego, kto ceni sobie <strong>efektywno\u015b\u0107 i prostot\u0119 piel\u0119gnacji drewnianych pod\u0142\u00f3g<\/strong>. Stworzona w oparciu o naturalne woski, ten produkt \u0142\u0105czy w sobie zalety skutecznego \u015brodka czyszcz\u0105cego oraz wyj\u0105tkowego preparatu konserwuj\u0105cego. Aplikuj\u0105c past\u0119, drewniana powierzchnia staje si\u0119 nie tylko czysta, lecz r\u00f3wnie\u017c chroniona przed dzia\u0142aniem wilgoci i zabrudze\u0144.<\/p>\n<p>Formu\u0142a bazuj\u0105ca na naturalnym <strong>wosku Carnauba<\/strong> pozwala na piel\u0119gnacj\u0119 pod\u0142\u00f3g bez pozostawiania smug, co utrzymuje ich estetyczny wygl\u0105d przez d\u0142u\u017cszy czas. Zastosowanie tego sk\u0142adnika wzmacnia struktur\u0119 drewna, zapewniaj\u0105c mu dodatkow\u0105 warstw\u0119 ochronn\u0105 oraz odporno\u015b\u0107 na rozsychanie.<\/p>\n<p>Kluczowe cechy produktu:<\/p>\n<ul>\n<li><strong>Efektywno\u015b\u0107 czyszczenia<\/strong> \u2013 Skutecznie usuwa wszelkie zabrudzenia.<\/li>\n<li><strong>Ochrona drewna<\/strong> \u2013 Zabezpiecza przed wilgoci\u0105 i dzia\u0142aniem czynnik\u00f3w zewn\u0119trznych.<\/li>\n<li><strong>Naturalny sk\u0142ad<\/strong> \u2013 Zawiera wosk Carnauba, kt\u00f3ry piel\u0119gnuje pod\u0142og\u0119.<\/li>\n<li><strong>\u0141atwo\u015b\u0107 u\u017cycia<\/strong> \u2013 Aplikacja jest prosta i szybka, bez pozostawiania smug.<\/li>\n<\/ul>\n<p>Wybieraj\u0105c ARA Past\u0119 do Pod\u0142\u00f3g Popularn\u0105, stawia si\u0119 na niezawodno\u015b\u0107 oraz sprawdzon\u0105 ochron\u0119 drewna, kt\u00f3re zachwyca czysto\u015bci\u0105 i blaskiem na co dzie\u0144.<\/p>\n","protected":false},"excerpt":{"rendered":"<p>ARA Pasta do Pod\u0142\u00f3g Popularna, z woskiem Carnauba, skutecznie czy\u015bci i konserwuje drewniane pod\u0142ogi, zapewniaj\u0105c im ochron\u0119 przed wilgoci\u0105 i zabrudzeniami.<\/p>\n","protected":false},"featured_media":0,"template":"","meta":{"_seopress_robots_primary_cat":"","_seopress_titles_title":"","_seopress_titles_desc":"","_seopress_robots_index":""},"product_brand":[98],"product_cat":[99],"product_tag":[],"class_list":{"0":"post-1767","1":"product","2":"type-product","3":"status-publish","5":"product_brand-ara","6":"product_cat-srodki-do-konserwacji-drewna","8":"first","9":"instock","10":"shipping-taxable","11":"product-type-simple"},"_links":{"self":[{"href":"https:\/\/phawa.pl\/pl\/wp-json\/wp\/v2\/product\/1767","targetHints":{"allow":["GET"]}}],"collection":[{"href":"https:\/\/phawa.pl\/pl\/wp-json\/wp\/v2\/product"}],"about":[{"href":"https:\/\/phawa.pl\/pl\/wp-json\/wp\/v2\/types\/product"}],"wp:attachment":[{"href":"https:\/\/phawa.pl\/pl\/wp-json\/wp\/v2\/media?parent=1767"}],"wp:term":[{"taxonomy":"product_brand","embeddable":true,"href":"https:\/\/phawa.pl\/pl\/wp-json\/wp\/v2\/product_brand?post=1767"},{"taxonomy":"product_cat","embeddable":true,"href":"https:\/\/phawa.pl\/pl\/wp-json\/wp\/v2\/product_cat?post=1767"},{"taxonomy":"product_tag","embeddable":true,"href":"https:\/\/phawa.pl\/pl\/wp-json\/wp\/v2\/product_tag?post=1767"}],"curies":[{"name":"wp","href":"https:\/\/api.w.org\/{rel}","templated":true}]}}