{"id":1664,"date":"2024-09-10T14:37:22","date_gmt":"2024-09-10T12:37:22","guid":{"rendered":"https:\/\/phawa.pl\/?post_type=product&#038;p=1664"},"modified":"2024-09-10T14:38:08","modified_gmt":"2024-09-10T12:38:08","slug":"clinex-grill-1l-plyn-do-mycia-grilli-i-piekarnikow","status":"publish","type":"product","link":"https:\/\/phawa.pl\/pl\/product\/clinex-grill-1l-plyn-do-mycia-grilli-i-piekarnikow\/","title":{"rendered":"Clinex Grill 1L \u2013 P\u0142yn do Mycia Grilli i Piekarnik\u00f3w"},"content":{"rendered":"<p>Clinex Grill 1L to zaawansowany preparat czyszcz\u0105cy przeznaczony do mycia grilli, piekarnik\u00f3w, ruszt\u00f3w i innych powierzchni, kt\u00f3re maj\u0105 kontakt z t\u0142ustymi i przypalonymi zabrudzeniami. Dzi\u0119ki swojej unikalnej, skoncentrowanej formule, produkt skutecznie usuwa t\u0142uszcz, przypalenia, wosk, sadz\u0119, parafin\u0119 oraz zapieczone resztki jedzenia. To czyni go idealnym rozwi\u0105zaniem dla profesjonalnych kuchni i lokali gastronomicznych, gdzie czysto\u015b\u0107 urz\u0105dze\u0144 kuchennych jest kluczowa.<\/p>\n<p>Clinex Grill wyr\u00f3\u017cnia si\u0119 wyj\u0105tkow\u0105 efektywno\u015bci\u0105 dzi\u0119ki innowacyjnej formule aktywnej piany. Piana tworzy si\u0119 po naniesieniu preparatu na czyszczon\u0105 powierzchni\u0119, co pozwala na g\u0142\u0119bokie wnikni\u0119cie w zabrudzenia, rozpuszczenie ich i \u0142atwe usuni\u0119cie. Produkt dzia\u0142a bardzo szybko \u2013 po na\u0142o\u017ceniu nale\u017cy odczeka\u0107 oko\u0142o minut\u0119, aby substancje aktywne zadzia\u0142a\u0142y na t\u0142uszcz i przypalenia. Nast\u0119pnie zabrudzenia mo\u017cna \u0142atwo zetrze\u0107 za pomoc\u0105 g\u0105bki lub szmatki.<\/p>\n<p>Jednym z kluczowych atut\u00f3w Clinex Grill jest to, \u017ce preparat nie wymaga intensywnego szorowania. Jego silne dzia\u0142anie pozwala na usuni\u0119cie nawet najbardziej uporczywych zabrudze\u0144 bez wi\u0119kszego wysi\u0142ku. Po u\u017cyciu, powierzchni\u0119 nale\u017cy dok\u0142adnie sp\u0142uka\u0107 wod\u0105, co zapewnia idealnie czysty efekt bez smug czy osad\u00f3w. Dzi\u0119ki temu produkt idealnie nadaje si\u0119 do codziennego u\u017cytku w intensywnie eksploatowanych kuchniach.<\/p>\n<p>Clinex Grill jest bezpieczny do stosowania na powierzchniach odpornych na dzia\u0142anie alkali\u00f3w, takich jak grille, piekarniki, komory w\u0119dzarnicze, patelnie oraz szyby kominkowe. Produkt nie nadaje si\u0119 do u\u017cytku na powierzchniach aluminiowych, miedzianych oraz malowanych lub lakierowanych. Posiada tak\u017ce \u015awiadectwo Jako\u015bci Zdrowotnej, co czyni go bezpiecznym do stosowania w profesjonalnych kuchniach.<\/p>\n","protected":false},"excerpt":{"rendered":"<p>Clinex Grill 1L to profesjonalny p\u0142yn czyszcz\u0105cy o bardzo silnym dzia\u0142aniu, stworzony do usuwania zapieczonego t\u0142uszczu, przypale\u0144 oraz zadymie\u0144 z powierzchni odpornych na alkalia. Idealny do mycia grilli, piekarnik\u00f3w, ruszt\u00f3w, komink\u00f3w i innych powierzchni nara\u017conych na t\u0142uste, spieczone zabrudzenia. P\u0142yn tworzy aktywn\u0105 pian\u0119, kt\u00f3ra rozpuszcza nawet najbardziej uporczywe resztki jedzenia. Doskonale sprawdza si\u0119 w profesjonalnych kuchniach, w tym w gastronomii.<\/p>\n","protected":false},"featured_media":1666,"template":"","meta":{"_seopress_robots_primary_cat":"none","_seopress_titles_title":"","_seopress_titles_desc":"","_seopress_robots_index":""},"product_brand":[],"product_cat":[15],"product_tag":[],"class_list":{"0":"post-1664","1":"product","2":"type-product","3":"status-publish","4":"has-post-thumbnail","6":"product_cat-uncategorized","8":"first","9":"instock","10":"shipping-taxable","11":"product-type-simple"},"_links":{"self":[{"href":"https:\/\/phawa.pl\/pl\/wp-json\/wp\/v2\/product\/1664","targetHints":{"allow":["GET"]}}],"collection":[{"href":"https:\/\/phawa.pl\/pl\/wp-json\/wp\/v2\/product"}],"about":[{"href":"https:\/\/phawa.pl\/pl\/wp-json\/wp\/v2\/types\/product"}],"wp:featuredmedia":[{"embeddable":true,"href":"https:\/\/phawa.pl\/pl\/wp-json\/wp\/v2\/media\/1666"}],"wp:attachment":[{"href":"https:\/\/phawa.pl\/pl\/wp-json\/wp\/v2\/media?parent=1664"}],"wp:term":[{"taxonomy":"product_brand","embeddable":true,"href":"https:\/\/phawa.pl\/pl\/wp-json\/wp\/v2\/product_brand?post=1664"},{"taxonomy":"product_cat","embeddable":true,"href":"https:\/\/phawa.pl\/pl\/wp-json\/wp\/v2\/product_cat?post=1664"},{"taxonomy":"product_tag","embeddable":true,"href":"https:\/\/phawa.pl\/pl\/wp-json\/wp\/v2\/product_tag?post=1664"}],"curies":[{"name":"wp","href":"https:\/\/api.w.org\/{rel}","templated":true}]}}