{"id":1592,"date":"2024-09-09T14:11:20","date_gmt":"2024-09-09T12:11:20","guid":{"rendered":"https:\/\/phawa.pl\/?post_type=product&#038;p=1592"},"modified":"2024-09-09T14:11:20","modified_gmt":"2024-09-09T12:11:20","slug":"clinex-delos-mat-plyn-do-mebli-1l","status":"publish","type":"product","link":"https:\/\/phawa.pl\/pl\/product\/clinex-delos-mat-plyn-do-mebli-1l\/","title":{"rendered":"Clinex Delos Mat P\u0142yn do Mebli 1L"},"content":{"rendered":"<p>Clinex Delos Mat P\u0142yn do Mebli 1L to zaawansowany \u015brodek przeznaczony do codziennej piel\u0119gnacji mebli wykonanych z drewna, materia\u0142\u00f3w drewnopodobnych oraz element\u00f3w laminowanych. Jego specjalistyczna formu\u0142a nie tylko skutecznie usuwa z powierzchni mebli kurz, brud, przebarwienia oraz t\u0142uste \u015blady, ale tak\u017ce chroni powierzchni\u0119 przed dalszymi zabrudzeniami, dzi\u0119ki zawarto\u015bci sk\u0142adnik\u00f3w antystatycznych. Te w\u0142a\u015bciwo\u015bci sprawiaj\u0105, \u017ce kurz osadza si\u0119 wolniej, a meble pozostaj\u0105 czystsze przez d\u0142u\u017cszy czas.<\/p>\n<p>Clinex Delos Mat jest idealnym rozwi\u0105zaniem dla os\u00f3b, kt\u00f3re dbaj\u0105 o estetyk\u0119 swoich wn\u0119trz, poniewa\u017c produkt od\u015bwie\u017ca czyszczone powierzchnie, nadaj\u0105c im przyjemny zapach \u015bwie\u017co\u015bci. P\u0142yn doskonale sprawdzi si\u0119 zar\u00f3wno w domach prywatnych, jak i w przestrzeniach komercyjnych, takich jak biura, hotele czy restauracje. Jego skuteczno\u015b\u0107 w usuwaniu t\u0142ustych zabrudze\u0144 sprawia, \u017ce \u015bwietnie nadaje si\u0119 do konserwacji mebli, kt\u00f3re s\u0105 nara\u017cone na intensywne u\u017cytkowanie.<\/p>\n<p>Spos\u00f3b u\u017cycia jest prosty \u2013 przed zastosowaniem nale\u017cy wstrz\u0105sn\u0105\u0107 butelk\u0105, a nast\u0119pnie nanie\u015b\u0107 p\u0142yn bezpo\u015brednio na powierzchni\u0119 mebla lub na czyst\u0105, mi\u0119kk\u0105 \u015bciereczk\u0119. Nast\u0119pnie wystarczy przetrze\u0107 powierzchni\u0119, aby cieszy\u0107 si\u0119 satynowym po\u0142yskiem oraz czysto\u015bci\u0105 bez smug. Je\u015bli u\u017cytkownik pragnie uzyska\u0107 dodatkowy po\u0142ysk, producent zaleca zastosowanie produktu Clinex Delos Shine, kt\u00f3ry nadaje meblom dodatkow\u0105 ochron\u0119 i blask.<\/p>\n<p>Dzi\u0119ki w\u0142a\u015bciwo\u015bciom odt\u0142uszczaj\u0105cym Clinex Delos Mat szybko radzi sobie z uporczywymi plamami, pozostawiaj\u0105c meble nie tylko czyste, ale r\u00f3wnie\u017c zabezpieczone przed dalszymi uszkodzeniami. Produkt ten nie zawiera szkodliwych substancji, co czyni go bezpiecznym w codziennym u\u017cytkowaniu. Mo\u017cna go stosowa\u0107 zar\u00f3wno do powierzchni lakierowanych, jak i matowych, zapewniaj\u0105c wszechstronno\u015b\u0107 jego u\u017cycia.<\/p>\n<p>Clinex Delos Mat dost\u0119pny jest w pojemno\u015bci 1L oraz 5L, co pozwala dostosowa\u0107 wyb\u00f3r produktu do indywidualnych potrzeb u\u017cytkownika. Dzi\u0119ki swojej wydajno\u015bci i skuteczno\u015bci, produkt ten to must-have dla ka\u017cdego, kto pragnie zadba\u0107 o estetyczny wygl\u0105d swoich mebli.<\/p>\n","protected":false},"excerpt":{"rendered":"<p>Clinex Delos Mat 1L to profesjonalny p\u0142yn do piel\u0119gnacji i czyszczenia mebli drewnianych, drewnopodobnych oraz laminowanych. Doskonale usuwa kurz, brud, t\u0142uste \u015blady i przebarwienia, pozostawiaj\u0105c meble od\u015bwie\u017cone i zabezpieczone przed dalszym zabrudzeniem. Produkt posiada w\u0142a\u015bciwo\u015bci antystatyczne, kt\u00f3re op\u00f3\u017aniaj\u0105 osadzanie si\u0119 kurzu, co sprawia, \u017ce meble pozostaj\u0105 czyste na d\u0142u\u017cej. Dodatkowo, Clinex Delos Mat nadaje powierzchniom przyjemny zapach \u015bwie\u017co\u015bci, zapewniaj\u0105c estetyczny wygl\u0105d i d\u0142ugotrwa\u0142\u0105 ochron\u0119 czyszczonych powierzchni.<\/p>\n","protected":false},"featured_media":1594,"template":"","meta":{"_seopress_robots_primary_cat":"","_seopress_titles_title":"","_seopress_titles_desc":"","_seopress_robots_index":""},"product_brand":[],"product_cat":[15],"product_tag":[],"class_list":{"0":"post-1592","1":"product","2":"type-product","3":"status-publish","4":"has-post-thumbnail","6":"product_cat-uncategorized","8":"first","9":"instock","10":"shipping-taxable","11":"product-type-simple"},"_links":{"self":[{"href":"https:\/\/phawa.pl\/pl\/wp-json\/wp\/v2\/product\/1592","targetHints":{"allow":["GET"]}}],"collection":[{"href":"https:\/\/phawa.pl\/pl\/wp-json\/wp\/v2\/product"}],"about":[{"href":"https:\/\/phawa.pl\/pl\/wp-json\/wp\/v2\/types\/product"}],"wp:featuredmedia":[{"embeddable":true,"href":"https:\/\/phawa.pl\/pl\/wp-json\/wp\/v2\/media\/1594"}],"wp:attachment":[{"href":"https:\/\/phawa.pl\/pl\/wp-json\/wp\/v2\/media?parent=1592"}],"wp:term":[{"taxonomy":"product_brand","embeddable":true,"href":"https:\/\/phawa.pl\/pl\/wp-json\/wp\/v2\/product_brand?post=1592"},{"taxonomy":"product_cat","embeddable":true,"href":"https:\/\/phawa.pl\/pl\/wp-json\/wp\/v2\/product_cat?post=1592"},{"taxonomy":"product_tag","embeddable":true,"href":"https:\/\/phawa.pl\/pl\/wp-json\/wp\/v2\/product_tag?post=1592"}],"curies":[{"name":"wp","href":"https:\/\/api.w.org\/{rel}","templated":true}]}}