{"id":1558,"date":"2024-09-09T13:55:20","date_gmt":"2024-09-09T11:55:20","guid":{"rendered":"https:\/\/phawa.pl\/?post_type=product&#038;p=1558"},"modified":"2024-09-09T13:55:20","modified_gmt":"2024-09-09T11:55:20","slug":"wirek-schwarzes-textilwaschmittel-4l-mit-lanolin","status":"publish","type":"product","link":"https:\/\/phawa.pl\/de\/product\/wirek-plyn-do-prania-czarnych-tkanin-4l-z-lanolina\/","title":{"rendered":"Wirek Black Fabric Washing Liquid 4L mit Lanolin"},"content":{"rendered":"<p>Wirek Black Fabric Washing Liquid 4L mit Lanolin ist ein hochwertiges Waschmittel, das speziell f\u00fcr den Schutz dunkler Stoffe entwickelt wurde. Seine fortschrittliche Formel, die mit Lanolin angereichert ist, entfernt nicht nur effektiv Schmutz, sondern bietet auch einen Farbschutz, der sie vor dem Verblassen und \u00fcberm\u00e4\u00dfiger Abnutzung sch\u00fctzt. Lanolin, das f\u00fcr seine sch\u00fctzenden und pflegenden Eigenschaften bekannt ist, verleiht den Stoffen Weichheit und Elastizit\u00e4t und verhindert, dass die Materialien knittern und ihre Qualit\u00e4t verlieren.<\/p>\n<p>Dank seiner antistatischen Eigenschaften verhindert Wirek Laundry Liquid, dass sich Staub, Haare oder Hautschuppen auf der Kleidung absetzen, was besonders f\u00fcr dunkle Stoffe wichtig ist, die leicht Schmutz anziehen k\u00f6nnen. Die Fl\u00fcssigkeit macht die W\u00e4sche nicht nur sauberer, sondern auch angenehmer zu tragen, dank eines angenehmen Dufts, der lange anh\u00e4lt.<\/p>\n<p>Das Produkt eignet sich sowohl f\u00fcr die Verwendung in automatischen Waschmaschinen als auch f\u00fcr die Handw\u00e4sche. Dank seines gro\u00dfen Fassungsverm\u00f6gens von 4 Litern ist es eine wirtschaftliche L\u00f6sung, die f\u00fcr viele Waschg\u00e4nge ausreicht und dabei eine hohe Leistung beibeh\u00e4lt. Bei regelm\u00e4\u00dfiger Anwendung dieser Fl\u00fcssigkeit k\u00f6nnen Sie sich auch nach vielen Waschg\u00e4ngen an den intensiven, satten Farben Ihrer Kleidung erfreuen. Es ist die ideale Wahl f\u00fcr alle, die Wert auf Qualit\u00e4t und lang anhaltenden Schutz ihrer Kleidung legen.<\/p>","protected":false},"excerpt":{"rendered":"<p>Wirek Black Fabric Washing Liquid 4L ist ein effektives Waschmittel, das tiefes Schwarz und dunkle Farben pflegt. Dank seiner mit Lanolin angereicherten Formel sch\u00fctzt es die Stoffe vor dem Ausbleichen und sorgt f\u00fcr lang anhaltende Weichheit und Schutz vor statischer Aufladung.<\/p>","protected":false},"featured_media":1560,"template":"","meta":{"_seopress_robots_primary_cat":"","_seopress_titles_title":"","_seopress_titles_desc":"","_seopress_robots_index":""},"product_brand":[],"product_cat":[15],"product_tag":[],"class_list":{"0":"post-1558","1":"product","2":"type-product","3":"status-publish","4":"has-post-thumbnail","6":"product_cat-uncategorized","8":"first","9":"instock","10":"shipping-taxable","11":"product-type-simple"},"_links":{"self":[{"href":"https:\/\/phawa.pl\/de\/wp-json\/wp\/v2\/product\/1558","targetHints":{"allow":["GET"]}}],"collection":[{"href":"https:\/\/phawa.pl\/de\/wp-json\/wp\/v2\/product"}],"about":[{"href":"https:\/\/phawa.pl\/de\/wp-json\/wp\/v2\/types\/product"}],"wp:featuredmedia":[{"embeddable":true,"href":"https:\/\/phawa.pl\/de\/wp-json\/wp\/v2\/media\/1560"}],"wp:attachment":[{"href":"https:\/\/phawa.pl\/de\/wp-json\/wp\/v2\/media?parent=1558"}],"wp:term":[{"taxonomy":"product_brand","embeddable":true,"href":"https:\/\/phawa.pl\/de\/wp-json\/wp\/v2\/product_brand?post=1558"},{"taxonomy":"product_cat","embeddable":true,"href":"https:\/\/phawa.pl\/de\/wp-json\/wp\/v2\/product_cat?post=1558"},{"taxonomy":"product_tag","embeddable":true,"href":"https:\/\/phawa.pl\/de\/wp-json\/wp\/v2\/product_tag?post=1558"}],"curies":[{"name":"wp","href":"https:\/\/api.w.org\/{rel}","templated":true}]}}