{"id":1435,"date":"2024-07-27T19:48:04","date_gmt":"2024-07-27T17:48:04","guid":{"rendered":"https:\/\/phawa.pl\/?page_id=1435"},"modified":"2024-07-27T19:48:35","modified_gmt":"2024-07-27T17:48:35","slug":"hotelausstattung-was-sie-brauchen-und-was-wichtig-ist","status":"publish","type":"page","link":"https:\/\/phawa.pl\/de\/wyposazenie-hoteli-czego-potrzebujesz-i-co-jest-wazne\/","title":{"rendered":"Hotelausstattung - was brauchen Sie und was ist wichtig?"},"content":{"rendered":"<div class=\"wp-block-stackable-columns stk-block-columns stk-block stk-88a679c\" data-block-id=\"88a679c\"><div class=\"stk-row stk-inner-blocks stk-block-content stk-content-align stk-88a679c-column\">\n<div class=\"wp-block-stackable-column stk-block-column stk-column stk-block stk-e5f8e06\" data-v=\"4\" data-block-id=\"e5f8e06\"><style>.stk-e5f8e06{align-self:center !important}<\/style><div class=\"stk-column-wrapper stk-block-column__content stk-container stk-e5f8e06-container stk--no-background stk--no-padding\"><div class=\"stk-block-content stk-inner-blocks stk-e5f8e06-inner-blocks\">\n<p>Bei der Hoteleinrichtung handelt es sich nicht nur um M\u00f6bel, sondern auch um Haushaltsgegenst\u00e4nde und kleine Details, die f\u00fcr den Komfort des Aufenthalts der G\u00e4ste von gro\u00dfer Bedeutung sind. Deshalb ist es so wichtig, dass die Hoteleinrichtung nicht nur funktional, sondern auch ein Blickfang und von hoher Qualit\u00e4t ist. Gerade f\u00fcr F\u00fcnf-Sterne-Hotels, die ihren G\u00e4sten ein H\u00f6chstma\u00df an Servicequalit\u00e4t bieten m\u00fcssen, ist die richtige Einrichtung entscheidend.<\/p>\n<\/div><\/div><\/div>\n\n\n\n<div class=\"wp-block-stackable-column stk-block-column stk-column stk-block stk-d07167d\" data-v=\"4\" data-block-id=\"d07167d\"><style>.stk-d07167d{align-self:center !important;padding-top:20px !important;padding-right:20px !important;padding-bottom:20px !important;padding-left:20px !important}.stk-d07167d-inner-blocks{row-gap:0px !important}<\/style><div class=\"stk-column-wrapper stk-block-column__content stk-container stk-d07167d-container stk--no-background stk--no-padding\"><div class=\"stk-block-content stk-inner-blocks stk-d07167d-inner-blocks\">\n<nav class=\"wp-block-stackable-table-of-contents stk-block-table-of-contents stk-block stk-5b41ad0 stk-block-background\" data-block-id=\"5b41ad0\"><style>.stk-5b41ad0{background-color:var(--theme-palette-color-7,#f8f8f8) !important;border-style:solid !important;border-color:var(--theme-palette-color-10,#63A3C6) !important}.stk-5b41ad0:before{background-color:var(--theme-palette-color-7,#f8f8f8) !important}.stk-5b41ad0 ol{list-style-type:decimal !important}.stk-5b41ad0 li{margin-bottom:4px !important}.stk-5b41ad0 .stk-table-of-contents__table ul{margin-top:4px !important}.stk-5b41ad0 ul,.stk-5b41ad0 ol{padding-left:33px !important}<\/style><p class=\"stk-table-of-contents__title\">Das Inhaltsverzeichnis:<\/p><ol class=\"stk-table-of-contents__table\"><li><a href=\"#co-nalezy-wziac-pod-uwage-przy-wyposazeniu-hotelu\">Was sollte bei der Ausstattung des Hotels beachtet werden?<\/a><\/li><li><a href=\"#dlaczego-warto-wybierac-dobrej-jakosci-elementy-wyposazenia-hotelu\">Warum sollte man sich f\u00fcr eine hochwertige Hotelausstattung entscheiden?<\/a><\/li><li><a href=\"#dlaczego-wyposazenie-hotelowe-z-naszego-asortymentu-sprawdzi-sie-najlepiej-w-twoim-obiekcie\">Warum eignet sich eine Hotelausstattung aus unserem Angebot am besten f\u00fcr Ihre Immobilie?<\/a><\/li><\/ol><\/nav>\n<\/div><\/div><\/div>\n<\/div><\/div>\n\n\n\n<p>Die beste Hoteleinrichtung sollte auf die Bed\u00fcrfnisse der G\u00e4ste zugeschnitten und in ausreichender Menge vorhanden sein. Zur Ausstattung der Hotelzimmer geh\u00f6ren nicht nur M\u00f6bel wie Betten, Sessel, Tische und Schr\u00e4nke, sondern auch Haushaltsgegenst\u00e4nde wie Handt\u00fccher, Bettw\u00e4sche, B\u00fcgelutensilien, Haartrockner, Wasserkocher, Tassen und Gl\u00e4ser. Die besten Hoteleinrichtungen sind in erster Linie solche, die den G\u00e4sten Komfort und Bequemlichkeit bieten, aber auch langlebig und leicht zu reinigen sind. Hotelw\u00e4sche ist wichtig und sollte aus hochwertigen Materialien bestehen und \u00e4sthetisch ansprechend gestaltet sein. Ebenso wichtig sind Hotelhandt\u00fccher, die weich, sanft zur Haut und saugf\u00e4hig sein sollten. Bei der Auswahl von Hotelw\u00e4sche und Handt\u00fcchern lohnt es sich, auf Qualit\u00e4t zu setzen, die sich in der Zufriedenheit der G\u00e4ste niederschl\u00e4gt.<\/p>\n\n\n\n<p>Ein weiteres Element der Hoteleinrichtung sind die M\u00f6bel, die funktional und \u00e4sthetisch ansprechend sein sollten. Richtig ausgew\u00e4hlte M\u00f6bel erm\u00f6glichen eine optimale Raumnutzung im Hotelzimmer und verleihen ihm einen eleganten Stil. Zubeh\u00f6r wie Dekoration oder Beleuchtung sind ebenfalls wichtig, da sie die Atmosph\u00e4re im Zimmer beeinflussen.<\/p>\n\n\n\n<p>Auch die Ausstattung der Hotelrezeption, die die Visitenkarte eines jeden Hotels ist, sollte nicht vergessen werden. Die richtige Ausstattung der Hotelrezeption tr\u00e4gt dazu bei, dass der Check-in der G\u00e4ste komfortabel und effizient verl\u00e4uft. Achten Sie auf eine angemessene Ausstattung mit Computern, Druckern oder Scannern sowie auf eine komfortable und \u00e4sthetisch ansprechende Einrichtung des Empfangsbereichs, um die G\u00e4ste zur Nutzung der Hoteldienstleistungen zu ermutigen.<\/p>\n\n\n\n<p>Zur professionellen Hotelausstattung geh\u00f6rt auch die Versorgung der K\u00fcche und der Hoteleinrichtungen. Es lohnt sich, auf Haushaltschemikalien der besten Marken wie Voigt, Tenzi oder Clinex zu setzen, um hygienische und saubere Aufenthaltsbedingungen f\u00fcr die G\u00e4ste zu gew\u00e4hrleisten. Vergessen Sie auch nicht die unentbehrlichen Gegenst\u00e4nde wie Besen, Mopps, Lappen und Eimer. Auch Hygieneartikel wie Einweghandt\u00fccher, Toilettenpapier, Wischt\u00fccher oder Abfalleimer sollten nicht vergessen werden.<\/p>\n\n\n\n<p>Dar\u00fcber hinaus lohnt es sich auch, sich um die Einrichtung von Erholungsbereichen wie Schwimmb\u00e4dern oder Hotelstr\u00e4nden zu k\u00fcmmern. Zu diesem Zweck ben\u00f6tigen Sie Strandk\u00f6rbe, Schirme und alle zus\u00e4tzlichen Elemente, die den G\u00e4sten vollen Komfort und Entspannung bieten. Richtig ausgew\u00e4hlte und \u00e4sthetisch ansprechende Liegest\u00fchle machen das Entspannen am Strand noch angenehmer.<\/p>\n\n\n\n<p>Zusammenfassend l\u00e4sst sich sagen, dass es sich bei der Hotelausstattung nicht nur um M\u00f6bel oder Ger\u00e4te handelt, sondern auch um das gesamte Zubeh\u00f6r und die Werkzeuge, die notwendig sind, um die Zufriedenheit und den Komfort der G\u00e4ste zu gew\u00e4hrleisten. Es lohnt sich, auf professionelle und beste Hoteleinrichtungen zu setzen, um neue G\u00e4ste zu gewinnen und diejenigen, die unser Hotel bereits besuchen, zufrieden zu stellen. Die Hotelausstattung ist ein \u00e4u\u00dferst wichtiges Element, das die Zufriedenheit der G\u00e4ste und das Image der Einrichtung selbst beeinflusst. Daher ist es ratsam, die beste Hoteleinrichtung zu w\u00e4hlen, die den G\u00e4sten Komfort und Bequemlichkeit bietet, aber auch langlebig und \u00e4sthetisch ansprechend ist.<\/p>\n\n\n\n<h2 class=\"wp-block-heading\" id=\"co-nalezy-wziac-pod-uwage-przy-wyposazeniu-hotelu\">Was sollte bei der Ausstattung des Hotels beachtet werden?<\/h2>\n\n\n\n<p>Bei der Einrichtung eines Hotels m\u00fcssen viele Faktoren ber\u00fccksichtigt werden, um den Komfort und die Zufriedenheit der G\u00e4ste sowie den wirtschaftlichen Erfolg des Hauses zu gew\u00e4hrleisten. Hier sind einige wichtige \u00dcberlegungen, die bei der Ausstattung eines Hotels zu ber\u00fccksichtigen sind:<\/p>\n\n\n\n<p>1. Hochwertige Ausr\u00fcstung - es ist wichtig, Produkte aus hochwertigen Materialien zu w\u00e4hlen, die langlebig und verschlei\u00dffest sind, da die Ausr\u00fcstung in Hotels h\u00e4ufig benutzt wird.<\/p>\n\n\n\n<p>2) Ergonomie und Funktionalit\u00e4t - M\u00f6bel und Einrichtungsgegenst\u00e4nde sollten vor allem ergonomisch und funktional sein, damit sich die Besucher wohlf\u00fchlen und die von ihnen ben\u00f6tigten Gegenst\u00e4nde leicht erreichen k\u00f6nnen.<\/p>\n\n\n\n<p>3. \u00c4sthetik - Die Ger\u00e4te sollten auch \u00e4sthetisch ansprechend sein und zum Stil und Charakter der Einrichtung passen, was sich positiv auf das Image und die Meinung des Hotels auswirken wird.<\/p>\n\n\n\n<p>4. Vorlieben der G\u00e4ste - es lohnt sich, die Bed\u00fcrfnisse und Vorlieben der G\u00e4ste zu ber\u00fccksichtigen, z. B. durch die Wahl verschiedener Arten von Bettw\u00e4sche oder Handt\u00fcchern, die unterschiedlichen Anforderungen gerecht werden.<\/p>\n\n\n\n<p>5. die Ausstattung der Rezeption - es ist auch wichtig, dass die Rezeption des Hotels angemessen ausgestattet ist, damit das Personal \u00fcber effiziente Arbeitsmittel verf\u00fcgt und die G\u00e4ste die Formalit\u00e4ten schnell und einfach erledigen k\u00f6nnen.<\/p>\n\n\n\n<p>6 Sicherheit - in Zeiten der Coronavirus-Pandemie ist es auch wichtig, die Sicherheit von Besuchern und Personal zu gew\u00e4hrleisten, indem pers\u00f6nliche Schutzausr\u00fcstung bereitgestellt und die R\u00e4umlichkeiten desinfiziert werden.<\/p>\n\n\n\n<p>Wenn die oben genannten Punkte beachtet werden, kann die richtige Wahl der Hotelausstattung getroffen werden, um die Zufriedenheit der G\u00e4ste zu gew\u00e4hrleisten, das Prestige und das Image der Einrichtung zu verbessern und zum wirtschaftlichen Erfolg des Hotels beizutragen.<\/p>\n\n\n\n<h2 class=\"wp-block-heading\" id=\"dlaczego-warto-wybierac-dobrej-jakosci-elementy-wyposazenia-hotelu\">Warum sollte man sich f\u00fcr eine hochwertige Hotelausstattung entscheiden?<\/h2>\n\n\n\n<p>Die Wahl einer hochwertigen Hoteleinrichtung hat viele Vorteile f\u00fcr Eigent\u00fcmer und G\u00e4ste. In erster Linie erh\u00f6hen hochwertige Ausstattungen und Materialien den Komfort des Aufenthalts der G\u00e4ste, was wiederum zu einer h\u00f6heren Zufriedenheit mit dem Hotel f\u00fchrt. Zufriedene G\u00e4ste kommen oft wieder, empfehlen das Hotel ihren Freunden und steigern so die Einnahmen der Einrichtung.<\/p>\n\n\n\n<p>Dar\u00fcber hinaus sind hochwertige Hotelausr\u00fcstungen langlebiger und verschlei\u00dffester als minderwertige Produkte. Dies bedeutet, dass Hotelbesitzer weniger Zeit und Geld f\u00fcr die Reparatur und den Austausch von Ger\u00e4ten aufwenden m\u00fcssen, was sich letztlich in finanziellen Einsparungen niederschl\u00e4gt.<\/p>\n\n\n\n<p>Es lohnt sich auch, das Image des Hotels im Auge zu behalten. Die G\u00e4ste erwarten, dass sie mit Respekt behandelt werden und dass ihre Bed\u00fcrfnisse auf h\u00f6chstem Niveau erf\u00fcllt werden. Daher sollten Hotelbesitzer Produkte w\u00e4hlen, die \u00e4sthetisch ansprechend und elegant aussehen, was zu einem positiven Eindruck bei den G\u00e4sten beitr\u00e4gt und ihre Zufriedenheit mit ihrem Aufenthalt erh\u00f6ht.<\/p>\n\n\n\n<p>Zusammenfassend l\u00e4sst sich sagen, dass die Wahl einer hochwertigen Hoteleinrichtung eine Investition ist, die sich langfristig auszahlt. Hotelbesitzer sollten bedenken, dass zufriedene G\u00e4ste der Schl\u00fcssel zum Gesch\u00e4ftserfolg sind, und eine qualitativ hochwertige Hoteleinrichtung ist einer der Schl\u00fcsselfaktoren f\u00fcr die Zufriedenheit und den Komfort der G\u00e4ste.<\/p>\n\n\n\n<h2 class=\"wp-block-heading\" id=\"dlaczego-wyposazenie-hotelowe-z-naszego-asortymentu-sprawdzi-sie-najlepiej-w-twoim-obiekcie\">Warum eignet sich eine Hotelausstattung aus unserem Angebot am besten f\u00fcr Ihre Immobilie?<\/h2>\n\n\n\n<p>Als Anbieter von Hoteleinrichtungen bieten wir eine breite Palette von Produkten, die sorgf\u00e4ltig ausgew\u00e4hlt werden, um die Erwartungen selbst der anspruchsvollsten Kunden zu erf\u00fcllen. Unsere Hoteleinrichtungen zeichnen sich durch hohe Qualit\u00e4t, Funktionalit\u00e4t und Langlebigkeit aus und sorgen f\u00fcr eine lange Nutzungsdauer und die Zufriedenheit unserer G\u00e4ste.<\/p>\n\n\n\n<p>Dank unseres Angebots haben Sie die M\u00f6glichkeit, eine komplette, auf Ihre Bed\u00fcrfnisse und die Anforderungen Ihrer Einrichtung zugeschnittene Hotelausstattung zu erhalten. Wir arbeiten nur mit renommierten Herstellern zusammen, was uns erlaubt, die besten Qualit\u00e4tsprodukte anzubieten. Dar\u00fcber hinaus bieten wir attraktive Preise und einen professionellen Service, was sich in einer hohen Zufriedenheit unserer Kunden niederschl\u00e4gt.<\/p>\n\n\n\n<p>Wenn Sie auf der Suche nach guter und professioneller Hotelausstattung sind, lohnt sich ein Blick auf unsere Produkte. Unser Sortiment umfasst nicht nur hochwertige Hotelw\u00e4sche und Hotelt\u00fccher, sondern auch Zubeh\u00f6r f\u00fcr Rezeption, K\u00fcche, Hoteleinrichtungen und Haushaltschemikalien von Marken wie Voigt, Tenzi und Clinex. Au\u00dferdem finden Sie bei uns Haushaltsartikel wie Besen, Mopps, Eimer, T\u00fccher, Papierk\u00f6rbe und Toilettenpapier.<\/p>\n\n\n\n<p>Dar\u00fcber hinaus bieten wir auch Dekorationsartikel wie Teelichtkerzen oder Silvester- und Festtagsdekorationen an, die sicher zu einer besonderen Atmosph\u00e4re in Ihrem Hotel beitragen werden. Auch unverzichtbare Strandaccessoires wie Schirme und Liegest\u00fchle finden Sie in unserem Sortiment.<\/p>\n\n\n\n<p>Die Einrichtung eines Hotels ist ein \u00e4u\u00dferst wichtiges Element, da sie die Wahrnehmung der Kunden von der Qualit\u00e4t der angebotenen Dienstleistungen beeinflusst. Es lohnt sich daher, auf die besten Qualit\u00e4tsprodukte zu setzen, die l\u00e4nger halten und die G\u00e4ste durch ihr Aussehen und ihre Funktionalit\u00e4t begeistern. Unsere Produkte entsprechen den h\u00f6chsten Qualit\u00e4tsstandards, so dass wir sicherstellen k\u00f6nnen, dass unsere Kunden mit ihren Eink\u00e4ufen zufrieden sind.<\/p>\n\n\n\n<p>Wenn Sie sich f\u00fcr unsere Hoteleinrichtungen entscheiden, k\u00f6nnen Sie sicher sein, dass Ihre Einrichtung mit den hochwertigsten Produkten ausgestattet wird, die auch die Erwartungen der anspruchsvollsten G\u00e4ste erf\u00fcllen. Vertrauen Sie auf unsere Erfahrung und statten Sie Ihr Hotel mit den besten Ger\u00e4ten aus, die auf dem Markt erh\u00e4ltlich sind.<\/p>\n\n\n\n<p>Wenn Sie also Ihr Hotel mit dem besten Hotelbedarf ausstatten wollen, sollten Sie sich unbedingt an uns wenden. Unser Angebot wird sicher Ihre Erwartungen erf\u00fcllen und eine einzigartige Atmosph\u00e4re in Ihrem Haus schaffen.<\/p>","protected":false},"excerpt":{"rendered":"<p>Wyposa\u017cenie hotelowe to nie tylko meble, ale tak\u017ce artyku\u0142y gospodarstwa domowego i drobiazgi, kt\u00f3re maj\u0105 ogromne znaczenie dla komfortu pobytu go\u015bci. Dlatego w\u0142a\u015bnie tak wa\u017cne jest, aby wyposa\u017cenie hotelu by\u0142o nie tylko funkcjonalne, ale r\u00f3wnie\u017c atrakcyjne dla oka i o wysokiej jako\u015bci. W szczeg\u00f3lno\u015bci w przypadku hoteli pi\u0119ciogwiazdkowych, kt\u00f3re zobowi\u0105zane s\u0105 do zapewnienia swoim go\u015bciom [&hellip;]<\/p>\n","protected":false},"author":1,"featured_media":0,"parent":0,"menu_order":0,"comment_status":"closed","ping_status":"closed","template":"","meta":{"_seopress_robots_primary_cat":"","_seopress_titles_title":"","_seopress_titles_desc":"","_seopress_robots_index":"","footnotes":""},"class_list":["post-1435","page","type-page","status-publish","hentry"],"blocksy_meta":[],"_links":{"self":[{"href":"https:\/\/phawa.pl\/de\/wp-json\/wp\/v2\/pages\/1435","targetHints":{"allow":["GET"]}}],"collection":[{"href":"https:\/\/phawa.pl\/de\/wp-json\/wp\/v2\/pages"}],"about":[{"href":"https:\/\/phawa.pl\/de\/wp-json\/wp\/v2\/types\/page"}],"author":[{"embeddable":true,"href":"https:\/\/phawa.pl\/de\/wp-json\/wp\/v2\/users\/1"}],"replies":[{"embeddable":true,"href":"https:\/\/phawa.pl\/de\/wp-json\/wp\/v2\/comments?post=1435"}],"version-history":[{"count":3,"href":"https:\/\/phawa.pl\/de\/wp-json\/wp\/v2\/pages\/1435\/revisions"}],"predecessor-version":[{"id":1440,"href":"https:\/\/phawa.pl\/de\/wp-json\/wp\/v2\/pages\/1435\/revisions\/1440"}],"wp:attachment":[{"href":"https:\/\/phawa.pl\/de\/wp-json\/wp\/v2\/media?parent=1435"}],"curies":[{"name":"wp","href":"https:\/\/api.w.org\/{rel}","templated":true}]}}