{"id":1809,"date":"2024-10-14T21:02:30","date_gmt":"2024-10-14T19:02:30","guid":{"rendered":"https:\/\/phawa.pl\/?post_type=product&#038;p=1809"},"modified":"2024-10-14T21:02:31","modified_gmt":"2024-10-14T19:02:31","slug":"sin-lux-plyn-do-mycia-i-konserwacji-mebli-600-ml","status":"publish","type":"product","link":"http:\/\/phawa.pl\/pl\/product\/sin-lux-plyn-do-mycia-i-konserwacji-mebli-600-ml\/","title":{"rendered":"SIN LUX P\u0142yn do mycia i konserwacji mebli 600 ml"},"content":{"rendered":"<h2>SIN LUX P\u0142yn do Mycia i Konserwacji Mebli 600 ml ARA<\/h2>\n<p><b>SIN LUX P\u0142yn do Mycia i Konserwacji Mebli<\/b> to nowoczesne rozwi\u0105zanie dla efektywnej piel\u0119gnacji r\u00f3\u017cnych powierzchni meblowych. Dzi\u0119ki innowacyjnej recepturze, <b>produkt<\/b> skutecznie usuwa zabrudzenia, nie pozostawiaj\u0105c smug, co zapewnia nieskazitelny wygl\u0105d mebli.<\/p>\n<p>Formu\u0142a zawiera <b>sk\u0142adnik antystatyczny<\/b>, kt\u00f3ry chroni powierzchnie przed osadzaniem si\u0119 kurzu, przed\u0142u\u017caj\u0105c ich \u015bwie\u017co\u015b\u0107 i estetyk\u0119. Po zastosowaniu, meble nie tylko odzyskuj\u0105 czysto\u015b\u0107, ale r\u00f3wnie\u017c naturalny po\u0142ysk.<\/p>\n<ul>\n<li>Efektywne usuwanie zabrudze\u0144 i t\u0142ustych plam.<\/li>\n<li>Zabezpieczenie przed osadzaniem si\u0119 kurzu dzi\u0119ki sk\u0142adnikowi antystatycznemu.<\/li>\n<li>Przywr\u00f3cenie naturalnego po\u0142ysku mebli bez \u017cadnych smug.<\/li>\n<\/ul>\n<p>Dzi\u0119ki <b>unikalnej formule<\/b>, SIN LUX sprawdzi si\u0119 doskonale w dbaniu o czysto\u015b\u0107 zar\u00f3wno tradycyjnych, jak i nowoczesnych mebli, oferuj\u0105c wydajn\u0105 piel\u0119gnacj\u0119 ka\u017cdego dnia. To co\u015b wi\u0119cej ni\u017c zwyk\u0142y \u015brodek czyszcz\u0105cy &#8211; to spos\u00f3b na zachowanie urody i \u015bwie\u017co\u015bci Twojego wn\u0119trza.<\/p>\n","protected":false},"excerpt":{"rendered":"<p>P\u0142yn do mebli SIN LUX ARA, 600 ml, skutecznie myje i konserwuje meble, nie pozostawia smug, dzia\u0142a antystatycznie.<\/p>\n","protected":false},"featured_media":0,"template":"","meta":{"_seopress_robots_primary_cat":"","_seopress_titles_title":"","_seopress_titles_desc":"","_seopress_robots_index":""},"product_brand":[98],"product_cat":[108],"product_tag":[],"class_list":{"0":"post-1809","1":"product","2":"type-product","3":"status-publish","5":"product_brand-ara","6":"product_cat-srodki-do-pielegnacji-mebli","8":"first","9":"instock","10":"shipping-taxable","11":"product-type-simple"},"_links":{"self":[{"href":"http:\/\/phawa.pl\/pl\/wp-json\/wp\/v2\/product\/1809","targetHints":{"allow":["GET"]}}],"collection":[{"href":"http:\/\/phawa.pl\/pl\/wp-json\/wp\/v2\/product"}],"about":[{"href":"http:\/\/phawa.pl\/pl\/wp-json\/wp\/v2\/types\/product"}],"wp:attachment":[{"href":"http:\/\/phawa.pl\/pl\/wp-json\/wp\/v2\/media?parent=1809"}],"wp:term":[{"taxonomy":"product_brand","embeddable":true,"href":"http:\/\/phawa.pl\/pl\/wp-json\/wp\/v2\/product_brand?post=1809"},{"taxonomy":"product_cat","embeddable":true,"href":"http:\/\/phawa.pl\/pl\/wp-json\/wp\/v2\/product_cat?post=1809"},{"taxonomy":"product_tag","embeddable":true,"href":"http:\/\/phawa.pl\/pl\/wp-json\/wp\/v2\/product_tag?post=1809"}],"curies":[{"name":"wp","href":"https:\/\/api.w.org\/{rel}","templated":true}]}}